{"id":5778,"date":"2025-06-29T14:47:03","date_gmt":"2025-06-29T14:47:03","guid":{"rendered":"https:\/\/www.patermarcus.hu\/?post_type=product&#038;p=5778"},"modified":"2025-07-13T14:01:45","modified_gmt":"2025-07-13T14:01:45","slug":"bavaria-0-0-ginger-lime","status":"publish","type":"product","link":"https:\/\/www.patermarcus.hu\/en\/termek\/bavaria-0-0-ginger-lime\/","title":{"rendered":"Bavaria 0.0% Ginger &#8211; Lime"},"content":{"rendered":"<h3><strong>0,0% gy\u00f6mb\u00e9res, Lime-os alkoholmentes Vil\u00e1gos s\u00f6r<\/strong><\/h3>\n<p><strong>Brouwerij Bavaria (1719), Lieshout<\/strong><\/p>\n<p>Non-alcoholic beer with the spicy flavours of fresh lime and ginger. Where the spiciness of the ginger awakens the taste buds, the subtle lime completes the refreshing experience.This exciting blend of citrus flavours and spices is the perfect thirst quencher.A fresh, non-alcoholic beer brewed to a unique recipe using natural mineral water from its own spring.<\/p>\n<p>1.700.-<\/p>\n","protected":false},"excerpt":{"rendered":"<p>0,0% gy\u00f6mb\u00e9res, Lime-os alkoholmentes Vil\u00e1gos s\u00f6r Brouwerij Bavaria (1719), Lieshout Non-alcoholic beer with the spicy flavours of fresh lime and ginger. Where the spiciness of the ginger awakens the taste buds, the subtle lime completes the refreshing experience.This exciting blend of citrus flavours and spices is the perfect thirst quencher.A fresh, non-alcoholic beer brewed to [&hellip;]<\/p>\n","protected":false},"featured_media":5773,"comment_status":"closed","ping_status":"closed","template":"","meta":{"_monsterinsights_skip_tracking":false,"_monsterinsights_sitenote_active":false,"_monsterinsights_sitenote_note":"","_monsterinsights_sitenote_category":0},"product_brand":[],"product_cat":[76],"product_tag":[],"class_list":{"0":"post-5778","1":"product","2":"type-product","3":"status-publish","4":"has-post-thumbnail","6":"product_cat-alcohol-free-beers","8":"first","9":"instock","10":"shipping-taxable","11":"product-type-simple"},"_links":{"self":[{"href":"https:\/\/www.patermarcus.hu\/en\/wp-json\/wp\/v2\/product\/5778","targetHints":{"allow":["GET"]}}],"collection":[{"href":"https:\/\/www.patermarcus.hu\/en\/wp-json\/wp\/v2\/product"}],"about":[{"href":"https:\/\/www.patermarcus.hu\/en\/wp-json\/wp\/v2\/types\/product"}],"replies":[{"embeddable":true,"href":"https:\/\/www.patermarcus.hu\/en\/wp-json\/wp\/v2\/comments?post=5778"}],"wp:featuredmedia":[{"embeddable":true,"href":"https:\/\/www.patermarcus.hu\/en\/wp-json\/wp\/v2\/media\/5773"}],"wp:attachment":[{"href":"https:\/\/www.patermarcus.hu\/en\/wp-json\/wp\/v2\/media?parent=5778"}],"wp:term":[{"taxonomy":"product_brand","embeddable":true,"href":"https:\/\/www.patermarcus.hu\/en\/wp-json\/wp\/v2\/product_brand?post=5778"},{"taxonomy":"product_cat","embeddable":true,"href":"https:\/\/www.patermarcus.hu\/en\/wp-json\/wp\/v2\/product_cat?post=5778"},{"taxonomy":"product_tag","embeddable":true,"href":"https:\/\/www.patermarcus.hu\/en\/wp-json\/wp\/v2\/product_tag?post=5778"}],"curies":[{"name":"wp","href":"https:\/\/api.w.org\/{rel}","templated":true}]}}