{"id":5414,"date":"2021-05-02T17:11:16","date_gmt":"2021-05-02T17:11:16","guid":{"rendered":"https:\/\/www.patermarcus.hu\/?post_type=product&#038;p=5414"},"modified":"2024-05-19T20:10:47","modified_gmt":"2024-05-19T20:10:47","slug":"kasteel-trignac","status":"publish","type":"product","link":"https:\/\/www.patermarcus.hu\/en\/termek\/kasteel-trignac\/","title":{"rendered":"Kasteel Trignac"},"content":{"rendered":"<h3><em>12% konyakos hord\u00f3ban \u00e9rlelt vil\u00e1gos tripel<br \/>\n<\/em><\/h3>\n<p>Van Honsebrouck S\u00f6rf\u0151zde (1900), Ingelmunster<\/p>\n<p dir=\"ltr\"><span class=\"Apple-converted-space\"><span class=\"HwtZe\" lang=\"en\"><span class=\"jCAhz ChMk0b\"><span class=\"ryNqvb\">As we have seen so far, new winds are blowing in the world of Belgian brewing: in accordance with a relatively new trend reminiscent of the past, today&#8217;s beers belonging to one of the highest quality categories are made using a special process, in most cases aging in oak barrels.<\/span><\/span> <span class=\"jCAhz ChMk0b\"><span class=\"ryNqvb\">The brewery of the noble Van Honsebrouck family, which looks back on a glorious past of hundreds of years, unsurprisingly chose a barrel for the production of its top-class beer, in which one of the noblest drinks in the world, French cognac, was not previously matured.<\/span><\/span> <span class=\"jCAhz ChMk0b\"><span class=\"ryNqvb\">The oak, as well as the cognac sealed in it, contribute to the beer&#8217;s character with a whole palette of special, sophisticated flavors and aromas.<\/span><\/span> <span class=\"jCAhz ChMk0b\"><span class=\"ryNqvb\">They do not suppress, but perfectly complement the exciting taste of the base beer &#8211; the deservedly famous Kasteel Triple.<\/span><\/span> <span class=\"jCAhz ChMk0b\"><span class=\"ryNqvb\">A very rich, full-flavored beer that cannot deny its noble origins.<\/span><\/span> <span class=\"jCAhz ChMk0b\"><span class=\"ryNqvb\">The world&#8217;s first triple beer aged in cognac barrels is not only the pride of the Brewery, but also its strongest beer with its 12% alcohol content.<\/span><\/span> <span class=\"jCAhz ChMk0b\"><span class=\"ryNqvb\">Only nine thousand bottles of the first brew, produced in 2013, were sold.<\/span><\/span> <span class=\"jCAhz ChMk0b\"><span class=\"ryNqvb\">A very rare beer specialty made in limited quantities.<\/span><\/span><\/span><\/span><\/p>\n<p>0,75 l\u00a0\u00a0 22.700.- Ft<\/p>\n","protected":false},"excerpt":{"rendered":"<p>12% konyakos hord\u00f3ban \u00e9rlelt vil\u00e1gos tripel Van Honsebrouck S\u00f6rf\u0151zde (1900), Ingelmunster As we have seen so far, new winds are blowing in the world of Belgian brewing: in accordance with a relatively new trend reminiscent of the past, today&#8217;s beers belonging to one of the highest quality categories are made using a special process, in [&hellip;]<\/p>\n","protected":false},"featured_media":4977,"comment_status":"closed","ping_status":"closed","template":"","meta":{"_monsterinsights_skip_tracking":false,"_monsterinsights_sitenote_active":false,"_monsterinsights_sitenote_note":"","_monsterinsights_sitenote_category":0},"product_brand":[],"product_cat":[79],"product_tag":[],"class_list":{"0":"post-5414","1":"product","2":"type-product","3":"status-publish","4":"has-post-thumbnail","6":"product_cat-large-glass-beers","8":"first","9":"instock","10":"shipping-taxable","11":"product-type-simple"},"_links":{"self":[{"href":"https:\/\/www.patermarcus.hu\/en\/wp-json\/wp\/v2\/product\/5414","targetHints":{"allow":["GET"]}}],"collection":[{"href":"https:\/\/www.patermarcus.hu\/en\/wp-json\/wp\/v2\/product"}],"about":[{"href":"https:\/\/www.patermarcus.hu\/en\/wp-json\/wp\/v2\/types\/product"}],"replies":[{"embeddable":true,"href":"https:\/\/www.patermarcus.hu\/en\/wp-json\/wp\/v2\/comments?post=5414"}],"wp:featuredmedia":[{"embeddable":true,"href":"https:\/\/www.patermarcus.hu\/en\/wp-json\/wp\/v2\/media\/4977"}],"wp:attachment":[{"href":"https:\/\/www.patermarcus.hu\/en\/wp-json\/wp\/v2\/media?parent=5414"}],"wp:term":[{"taxonomy":"product_brand","embeddable":true,"href":"https:\/\/www.patermarcus.hu\/en\/wp-json\/wp\/v2\/product_brand?post=5414"},{"taxonomy":"product_cat","embeddable":true,"href":"https:\/\/www.patermarcus.hu\/en\/wp-json\/wp\/v2\/product_cat?post=5414"},{"taxonomy":"product_tag","embeddable":true,"href":"https:\/\/www.patermarcus.hu\/en\/wp-json\/wp\/v2\/product_tag?post=5414"}],"curies":[{"name":"wp","href":"https:\/\/api.w.org\/{rel}","templated":true}]}}