{"id":5412,"date":"2021-05-02T17:14:05","date_gmt":"2021-05-02T17:14:05","guid":{"rendered":"https:\/\/www.patermarcus.hu\/?post_type=product&#038;p=5412"},"modified":"2024-05-19T20:10:27","modified_gmt":"2024-05-19T20:10:27","slug":"bush-de-nuits","status":"publish","type":"product","link":"https:\/\/www.patermarcus.hu\/en\/termek\/bush-de-nuits\/","title":{"rendered":"Bush de Nuits"},"content":{"rendered":"<h3><em>12% boroshord\u00f3ban \u00e9rlelt er\u0151s barna ale<br \/>\n<\/em><\/h3>\n<p>Dubuisson S\u00f6rf\u0151zde (1769), Pipaix, Hainaut<\/p>\n<p><span class=\"HwtZe\" lang=\"en\"><span class=\"jCAhz ChMk0b\"><span class=\"ryNqvb\">Belgium&#8217;s strongest beers &#8211; they are made using a special process: the fresh brew of Bush and Bush de No\u00f6l, which are the top products of the Dubuisson brewery, is aged by the master brewer for another 6-8 months in oak barrels that were previously used to make the famous Nuits-Saint-Georges wine.<\/span><\/span><\/span><\/p>\n<p><span class=\"HwtZe\" lang=\"en\"> <span class=\"jCAhz ChMk0b\"><span class=\"ryNqvb\">At the end of the maturation, fermentation is restarted by adding brewer&#8217;s yeast, and the final &#8211; now fourth &#8211; fermentation of the beer takes place in the bottle.<\/span><\/span> <span class=\"jCAhz ChMk0b\"><span class=\"ryNqvb\">When the science of beer and winemaking is intertwined in this way, something special is born.<\/span><\/span> <span class=\"jCAhz ChMk0b\"><span class=\"ryNqvb\">Something.<\/span><\/span> <span class=\"jCAhz ChMk0b\"><span class=\"ryNqvb\">which will be appreciated by both beer and wine devotees.<\/span><\/span> <span class=\"jCAhz ChMk0b\"><span class=\"ryNqvb\">Thanks to the unique aging method, the beers are not only enriched with tannins, but also contain the flavors and aromas of the world-famous wine.<\/span><\/span> <span class=\"jCAhz ChMk0b\"><span class=\"ryNqvb\">In the extremely complex and rich taste of the aged version of Bush de No\u00e9l prepared for the Christmas holidays, we find a combination of the red fruit aromas of the bor and the nutty-caramel aromas of the beer, which is in perfect balance with the sweetness of the beer, its fine, somewhat lambic-like acidity, and its relatively dry aftertaste.<\/span><\/span><\/span><\/p>\n<p>&nbsp;<\/p>\n<p>0,75 l\u00a0\u00a0 26.700.- Ft<\/p>\n","protected":false},"excerpt":{"rendered":"<p>12% boroshord\u00f3ban \u00e9rlelt er\u0151s barna ale Dubuisson S\u00f6rf\u0151zde (1769), Pipaix, Hainaut Belgium&#8217;s strongest beers &#8211; they are made using a special process: the fresh brew of Bush and Bush de No\u00f6l, which are the top products of the Dubuisson brewery, is aged by the master brewer for another 6-8 months in oak barrels that were [&hellip;]<\/p>\n","protected":false},"featured_media":4979,"comment_status":"closed","ping_status":"closed","template":"","meta":{"_monsterinsights_skip_tracking":false,"_monsterinsights_sitenote_active":false,"_monsterinsights_sitenote_note":"","_monsterinsights_sitenote_category":0},"product_brand":[],"product_cat":[79],"product_tag":[],"class_list":{"0":"post-5412","1":"product","2":"type-product","3":"status-publish","4":"has-post-thumbnail","6":"product_cat-large-glass-beers","8":"first","9":"instock","10":"shipping-taxable","11":"product-type-simple"},"_links":{"self":[{"href":"https:\/\/www.patermarcus.hu\/en\/wp-json\/wp\/v2\/product\/5412","targetHints":{"allow":["GET"]}}],"collection":[{"href":"https:\/\/www.patermarcus.hu\/en\/wp-json\/wp\/v2\/product"}],"about":[{"href":"https:\/\/www.patermarcus.hu\/en\/wp-json\/wp\/v2\/types\/product"}],"replies":[{"embeddable":true,"href":"https:\/\/www.patermarcus.hu\/en\/wp-json\/wp\/v2\/comments?post=5412"}],"wp:featuredmedia":[{"embeddable":true,"href":"https:\/\/www.patermarcus.hu\/en\/wp-json\/wp\/v2\/media\/4979"}],"wp:attachment":[{"href":"https:\/\/www.patermarcus.hu\/en\/wp-json\/wp\/v2\/media?parent=5412"}],"wp:term":[{"taxonomy":"product_brand","embeddable":true,"href":"https:\/\/www.patermarcus.hu\/en\/wp-json\/wp\/v2\/product_brand?post=5412"},{"taxonomy":"product_cat","embeddable":true,"href":"https:\/\/www.patermarcus.hu\/en\/wp-json\/wp\/v2\/product_cat?post=5412"},{"taxonomy":"product_tag","embeddable":true,"href":"https:\/\/www.patermarcus.hu\/en\/wp-json\/wp\/v2\/product_tag?post=5412"}],"curies":[{"name":"wp","href":"https:\/\/api.w.org\/{rel}","templated":true}]}}