{"id":5410,"date":"2021-05-02T17:16:18","date_gmt":"2021-05-02T17:16:18","guid":{"rendered":"https:\/\/www.patermarcus.hu\/?post_type=product&#038;p=5410"},"modified":"2024-05-19T20:10:18","modified_gmt":"2024-05-19T20:10:18","slug":"deus","status":"publish","type":"product","link":"https:\/\/www.patermarcus.hu\/en\/termek\/deus\/","title":{"rendered":"DeuS"},"content":{"rendered":"<h3><em>11,5% biere brut \u2013 s\u00f6rpezsg\u0151<br \/>\n<\/em><\/h3>\n<p><a href=\"http:\/\/patermarcus.mintaka.alfanet.hu\/rolunk\/sorfozdek\/bosteels-sorfozde-1791-buggenhout\/\">Bosteels s\u00f6rf\u0151zde (1791), Buggenhout<\/a><\/p>\n<p><span class=\"HwtZe\" lang=\"en\"><span class=\"jCAhz ChMk0b\"><span class=\"ryNqvb\">The limitless creativity of Belgium&#8217;s finest brewmasters is faithfully reflected in the creation of a completely new style of brewing, which has opened new doors in the world of beer.<\/span><\/span> <\/span><\/p>\n<p><span class=\"HwtZe\" lang=\"en\"><span class=\"jCAhz ChMk0b\"><span class=\"ryNqvb\">A style that combines the methods of beer and champagne production.<\/span><\/span> <span class=\"jCAhz ChMk0b\"><span class=\"ryNqvb\">This price is gross.<\/span><\/span> <span class=\"jCAhz ChMk0b\"><span class=\"ryNqvb\">The Bosteels family brewery named its bi\u00e9re brut beer DeuS (God).<\/span><\/span> <span class=\"jCAhz ChMk0b\"><span class=\"ryNqvb\">After the primary fermentation of the beer, sugar and wine yeast culture are added to the brew, which is then poured into tanks and transported to Rheims, the capital of the Champagne region, where it is bottled and then fermented in bottles for 3-4 weeks.<\/span><\/span> <span class=\"jCAhz ChMk0b\"><span class=\"ryNqvb\">This is followed by aging for more than a year, then the shaking (remuage) used in the production of the finest French champagnes, and finally the process of disgorging (d\u00e9gorgement).<\/span><\/span> <span class=\"jCAhz ChMk0b\"><span class=\"ryNqvb\">DeuS is sold in an elegant, antique-style bottle, which is closed with a cork and a wire basket.<\/span><\/span> <span class=\"jCAhz ChMk0b\"><span class=\"ryNqvb\">DeuS went to heaven after its introduction.<\/span><\/span> <span class=\"jCAhz ChMk0b\"><span class=\"ryNqvb\">Fred Eckhardt, the world-renowned beer taster and critic, published the following after tasting it: &#8220;Its aroma is reminiscent of fresh apple, which is accentuated even more by the mint, thyme and lemon flavors.<\/span><\/span> <span class=\"jCAhz ChMk0b\"><span class=\"ryNqvb\">I don&#8217;t think I&#8217;ve ever tasted a better beer.&#8221;<\/span><\/span> <span class=\"jCAhz ChMk0b\"><span class=\"ryNqvb\">That last sentence is an unheard-of acknowledgment from a man who has spent the last twenty-five years tasting beer.<\/span><\/span> <span class=\"jCAhz ChMk0b\"><span class=\"ryNqvb\">&#8220;Next to DeuS,&#8221; he added, &#8220;Champagne is boring.&#8221;<\/span><\/span> <span class=\"jCAhz ChMk0b\"><span class=\"ryNqvb\">He then concluded his speech as follows: ,,Gorgeous.<\/span><\/span> <span class=\"jCAhz ChMk0b\"><span class=\"ryNqvb\">I have never felt anything like this before&#8221;.<\/span><\/span> <span class=\"jCAhz ChMk0b\"><span class=\"ryNqvb\">In addition, many beer-loving and experienced beer tasters believe that bi\u00e9re brut beers have more character than most champagnes, and their appearance is also more elegant, since even the most highly positioned champagnes do not have such a creamy and long-lasting foam crown as DeuS.<\/span><\/span><\/span><\/p>\n<p>&nbsp;<\/p>\n<p>0,75 l\u00a0\u00a0 25.600.- Ft<\/p>\n","protected":false},"excerpt":{"rendered":"<p>11,5% biere brut \u2013 s\u00f6rpezsg\u0151 Bosteels s\u00f6rf\u0151zde (1791), Buggenhout The limitless creativity of Belgium&#8217;s finest brewmasters is faithfully reflected in the creation of a completely new style of brewing, which has opened new doors in the world of beer. A style that combines the methods of beer and champagne production. This price is gross. The [&hellip;]<\/p>\n","protected":false},"featured_media":4980,"comment_status":"closed","ping_status":"closed","template":"","meta":{"_monsterinsights_skip_tracking":false,"_monsterinsights_sitenote_active":false,"_monsterinsights_sitenote_note":"","_monsterinsights_sitenote_category":0},"product_brand":[],"product_cat":[79],"product_tag":[],"class_list":{"0":"post-5410","1":"product","2":"type-product","3":"status-publish","4":"has-post-thumbnail","6":"product_cat-large-glass-beers","8":"first","9":"instock","10":"shipping-taxable","11":"product-type-simple"},"_links":{"self":[{"href":"https:\/\/www.patermarcus.hu\/en\/wp-json\/wp\/v2\/product\/5410","targetHints":{"allow":["GET"]}}],"collection":[{"href":"https:\/\/www.patermarcus.hu\/en\/wp-json\/wp\/v2\/product"}],"about":[{"href":"https:\/\/www.patermarcus.hu\/en\/wp-json\/wp\/v2\/types\/product"}],"replies":[{"embeddable":true,"href":"https:\/\/www.patermarcus.hu\/en\/wp-json\/wp\/v2\/comments?post=5410"}],"wp:featuredmedia":[{"embeddable":true,"href":"https:\/\/www.patermarcus.hu\/en\/wp-json\/wp\/v2\/media\/4980"}],"wp:attachment":[{"href":"https:\/\/www.patermarcus.hu\/en\/wp-json\/wp\/v2\/media?parent=5410"}],"wp:term":[{"taxonomy":"product_brand","embeddable":true,"href":"https:\/\/www.patermarcus.hu\/en\/wp-json\/wp\/v2\/product_brand?post=5410"},{"taxonomy":"product_cat","embeddable":true,"href":"https:\/\/www.patermarcus.hu\/en\/wp-json\/wp\/v2\/product_cat?post=5410"},{"taxonomy":"product_tag","embeddable":true,"href":"https:\/\/www.patermarcus.hu\/en\/wp-json\/wp\/v2\/product_tag?post=5410"}],"curies":[{"name":"wp","href":"https:\/\/api.w.org\/{rel}","templated":true}]}}