{"id":5409,"date":"2023-05-07T06:07:53","date_gmt":"2023-05-07T06:07:53","guid":{"rendered":"https:\/\/www.patermarcus.hu\/?post_type=product&#038;p=5409"},"modified":"2024-05-19T20:10:08","modified_gmt":"2024-05-19T20:10:08","slug":"goulden-carolus-whisky-infused","status":"publish","type":"product","link":"https:\/\/www.patermarcus.hu\/en\/termek\/goulden-carolus-whisky-infused\/","title":{"rendered":"Goulden Carolus Whisky &#8211; Infused"},"content":{"rendered":"<h3><em>11,7% whiskyhord\u00f3ban \u00e9rlelt er\u0151s barna ale<br \/>\n<\/em><\/h3>\n<p>Het Anker(1369), Mechelen, Antwerpen<\/p>\n<p><span class=\"HwtZe\" lang=\"en\"><span class=\"jCAhz ChMk0b\"><span class=\"ryNqvb\">Gouden Carolus Imperial Dark is matured for a long time in oak barrels by domesticating Gouden Carolus Single Malt whiskey, which enriches the taste of the excellent base beer even more.<\/span><\/span> <span class=\"jCAhz ChMk0b\"><span class=\"ryNqvb\">The result is a unique beer: powerful and full-bodied, with subtle touches of vanilla, oak and chocolate.<\/span><\/span> <span class=\"jCAhz ChMk0b\"><span class=\"ryNqvb\">A special, unique concoction that should be cherished and consumed in moderation.<\/span><\/span><\/span><\/p>\n<p>0,75 l\u00a0\u00a0 10.700.- Ft<\/p>\n","protected":false},"excerpt":{"rendered":"<p>11,7% whiskyhord\u00f3ban \u00e9rlelt er\u0151s barna ale Het Anker(1369), Mechelen, Antwerpen Gouden Carolus Imperial Dark is matured for a long time in oak barrels by domesticating Gouden Carolus Single Malt whiskey, which enriches the taste of the excellent base beer even more. The result is a unique beer: powerful and full-bodied, with subtle touches of vanilla, [&hellip;]<\/p>\n","protected":false},"featured_media":5136,"comment_status":"closed","ping_status":"closed","template":"","meta":{"_monsterinsights_skip_tracking":false,"_monsterinsights_sitenote_active":false,"_monsterinsights_sitenote_note":"","_monsterinsights_sitenote_category":0},"product_brand":[],"product_cat":[79],"product_tag":[],"class_list":{"0":"post-5409","1":"product","2":"type-product","3":"status-publish","4":"has-post-thumbnail","6":"product_cat-large-glass-beers","8":"first","9":"instock","10":"shipping-taxable","11":"product-type-simple"},"_links":{"self":[{"href":"https:\/\/www.patermarcus.hu\/en\/wp-json\/wp\/v2\/product\/5409","targetHints":{"allow":["GET"]}}],"collection":[{"href":"https:\/\/www.patermarcus.hu\/en\/wp-json\/wp\/v2\/product"}],"about":[{"href":"https:\/\/www.patermarcus.hu\/en\/wp-json\/wp\/v2\/types\/product"}],"replies":[{"embeddable":true,"href":"https:\/\/www.patermarcus.hu\/en\/wp-json\/wp\/v2\/comments?post=5409"}],"wp:featuredmedia":[{"embeddable":true,"href":"https:\/\/www.patermarcus.hu\/en\/wp-json\/wp\/v2\/media\/5136"}],"wp:attachment":[{"href":"https:\/\/www.patermarcus.hu\/en\/wp-json\/wp\/v2\/media?parent=5409"}],"wp:term":[{"taxonomy":"product_brand","embeddable":true,"href":"https:\/\/www.patermarcus.hu\/en\/wp-json\/wp\/v2\/product_brand?post=5409"},{"taxonomy":"product_cat","embeddable":true,"href":"https:\/\/www.patermarcus.hu\/en\/wp-json\/wp\/v2\/product_cat?post=5409"},{"taxonomy":"product_tag","embeddable":true,"href":"https:\/\/www.patermarcus.hu\/en\/wp-json\/wp\/v2\/product_tag?post=5409"}],"curies":[{"name":"wp","href":"https:\/\/api.w.org\/{rel}","templated":true}]}}