{"id":5407,"date":"2021-05-02T12:03:41","date_gmt":"2021-05-02T12:03:41","guid":{"rendered":"https:\/\/www.patermarcus.hu\/?post_type=product&#038;p=5407"},"modified":"2026-02-21T11:15:23","modified_gmt":"2026-02-21T11:15:23","slug":"lindemans-framboise","status":"publish","type":"product","link":"https:\/\/www.patermarcus.hu\/en\/termek\/lindemans-framboise\/","title":{"rendered":"Lindemans Framboise"},"content":{"rendered":"<p><strong>2,5% m\u00e1ln\u00e1s lambic<\/strong><\/p>\n<p><strong>Lindemans S\u00f6rf\u0151zde (1869), Vlezenbeek, Brabant<\/strong><\/p>\n<p>Various fruits and spices are used to flavor the beers, creating a versatile range of seasonal beers. The acidity of Lambic beers blends perfectly with the acidity and sweetness of raspberries. The \u201caroma bombs\u201d of lambic beer with a great aroma and raspberry taste gently stick to the palate, while caressing the throat elegantly and cleanly. Its color can be compared to red-rose.<\/p>\n<p>2.700.-<\/p>\n","protected":false},"excerpt":{"rendered":"<p>2,5% m\u00e1ln\u00e1s lambic Lindemans S\u00f6rf\u0151zde (1869), Vlezenbeek, Brabant Various fruits and spices are used to flavor the beers, creating a versatile range of seasonal beers. The acidity of Lambic beers blends perfectly with the acidity and sweetness of raspberries. The \u201caroma bombs\u201d of lambic beer with a great aroma and raspberry taste gently stick to [&hellip;]<\/p>\n","protected":false},"featured_media":4899,"comment_status":"closed","ping_status":"closed","template":"","meta":{"_monsterinsights_skip_tracking":false,"_monsterinsights_sitenote_active":false,"_monsterinsights_sitenote_note":"","_monsterinsights_sitenote_category":0},"product_brand":[],"product_cat":[73],"product_tag":[],"class_list":{"0":"post-5407","1":"product","2":"type-product","3":"status-publish","4":"has-post-thumbnail","6":"product_cat-fruit-beers","8":"first","9":"instock","10":"shipping-taxable","11":"product-type-simple"},"_links":{"self":[{"href":"https:\/\/www.patermarcus.hu\/en\/wp-json\/wp\/v2\/product\/5407","targetHints":{"allow":["GET"]}}],"collection":[{"href":"https:\/\/www.patermarcus.hu\/en\/wp-json\/wp\/v2\/product"}],"about":[{"href":"https:\/\/www.patermarcus.hu\/en\/wp-json\/wp\/v2\/types\/product"}],"replies":[{"embeddable":true,"href":"https:\/\/www.patermarcus.hu\/en\/wp-json\/wp\/v2\/comments?post=5407"}],"wp:featuredmedia":[{"embeddable":true,"href":"https:\/\/www.patermarcus.hu\/en\/wp-json\/wp\/v2\/media\/4899"}],"wp:attachment":[{"href":"https:\/\/www.patermarcus.hu\/en\/wp-json\/wp\/v2\/media?parent=5407"}],"wp:term":[{"taxonomy":"product_brand","embeddable":true,"href":"https:\/\/www.patermarcus.hu\/en\/wp-json\/wp\/v2\/product_brand?post=5407"},{"taxonomy":"product_cat","embeddable":true,"href":"https:\/\/www.patermarcus.hu\/en\/wp-json\/wp\/v2\/product_cat?post=5407"},{"taxonomy":"product_tag","embeddable":true,"href":"https:\/\/www.patermarcus.hu\/en\/wp-json\/wp\/v2\/product_tag?post=5407"}],"curies":[{"name":"wp","href":"https:\/\/api.w.org\/{rel}","templated":true}]}}