{"id":5401,"date":"2023-04-02T07:50:09","date_gmt":"2023-04-02T07:50:09","guid":{"rendered":"https:\/\/www.patermarcus.hu\/?post_type=product&#038;p=5401"},"modified":"2026-02-21T11:15:42","modified_gmt":"2026-02-21T11:15:42","slug":"lindemans-pecheresse","status":"publish","type":"product","link":"https:\/\/www.patermarcus.hu\/en\/termek\/lindemans-pecheresse\/","title":{"rendered":"Lindemans Pecheresse"},"content":{"rendered":"<h3><em>2,5% \u0151szibarackos lambic<br \/>\n<\/em><\/h3>\n<p>Lindemans S\u00f6rf\u0151zde (1869) Vlezenbeek<\/p>\n<p>Like all lambic beers, this brew is aged for a long time in oak barrels, in this case with fresh peaches and peach juice. A golden-yellow drink, its aroma reveals the presence of peaches. Its harmonious taste is strongly juicy throughout. This lambic is much milder and sweeter than usual.<\/p>\n<p>2.600.-<\/p>\n","protected":false},"excerpt":{"rendered":"<p>2,5% \u0151szibarackos lambic Lindemans S\u00f6rf\u0151zde (1869) Vlezenbeek Like all lambic beers, this brew is aged for a long time in oak barrels, in this case with fresh peaches and peach juice. A golden-yellow drink, its aroma reveals the presence of peaches. Its harmonious taste is strongly juicy throughout. This lambic is much milder and sweeter [&hellip;]<\/p>\n","protected":false},"featured_media":5125,"comment_status":"closed","ping_status":"closed","template":"","meta":{"_monsterinsights_skip_tracking":false,"_monsterinsights_sitenote_active":false,"_monsterinsights_sitenote_note":"","_monsterinsights_sitenote_category":0},"product_brand":[],"product_cat":[73],"product_tag":[],"class_list":{"0":"post-5401","1":"product","2":"type-product","3":"status-publish","4":"has-post-thumbnail","6":"product_cat-fruit-beers","8":"first","9":"instock","10":"shipping-taxable","11":"product-type-simple"},"_links":{"self":[{"href":"https:\/\/www.patermarcus.hu\/en\/wp-json\/wp\/v2\/product\/5401","targetHints":{"allow":["GET"]}}],"collection":[{"href":"https:\/\/www.patermarcus.hu\/en\/wp-json\/wp\/v2\/product"}],"about":[{"href":"https:\/\/www.patermarcus.hu\/en\/wp-json\/wp\/v2\/types\/product"}],"replies":[{"embeddable":true,"href":"https:\/\/www.patermarcus.hu\/en\/wp-json\/wp\/v2\/comments?post=5401"}],"wp:featuredmedia":[{"embeddable":true,"href":"https:\/\/www.patermarcus.hu\/en\/wp-json\/wp\/v2\/media\/5125"}],"wp:attachment":[{"href":"https:\/\/www.patermarcus.hu\/en\/wp-json\/wp\/v2\/media?parent=5401"}],"wp:term":[{"taxonomy":"product_brand","embeddable":true,"href":"https:\/\/www.patermarcus.hu\/en\/wp-json\/wp\/v2\/product_brand?post=5401"},{"taxonomy":"product_cat","embeddable":true,"href":"https:\/\/www.patermarcus.hu\/en\/wp-json\/wp\/v2\/product_cat?post=5401"},{"taxonomy":"product_tag","embeddable":true,"href":"https:\/\/www.patermarcus.hu\/en\/wp-json\/wp\/v2\/product_tag?post=5401"}],"curies":[{"name":"wp","href":"https:\/\/api.w.org\/{rel}","templated":true}]}}