{"id":5395,"date":"2023-04-02T07:13:36","date_gmt":"2023-04-02T07:13:36","guid":{"rendered":"https:\/\/www.patermarcus.hu\/?post_type=product&#038;p=5395"},"modified":"2026-02-21T11:05:16","modified_gmt":"2026-02-21T11:05:16","slug":"gouden-carolus-whiskey-infused","status":"publish","type":"product","link":"https:\/\/www.patermarcus.hu\/en\/termek\/gouden-carolus-whiskey-infused\/","title":{"rendered":"Gouden Carolus Whiskey Infused"},"content":{"rendered":"<h3><em>11,7% er\u0151s barna ale<br \/>\n<\/em><\/h3>\n<p>Het Anker S\u00f6rf\u0151zde (1369), Mechelen, Antwerpen<\/p>\n<p>&nbsp;<\/p>\n<p>0,33 l\u00a0\u00a0 3.750.- Ft<\/p>\n","protected":false},"excerpt":{"rendered":"<p>11,7% er\u0151s barna ale Het Anker S\u00f6rf\u0151zde (1369), Mechelen, Antwerpen &nbsp; 0,33 l\u00a0\u00a0 3.750.- Ft<\/p>\n","protected":false},"featured_media":5733,"comment_status":"closed","ping_status":"closed","template":"","meta":{"_monsterinsights_skip_tracking":false,"_monsterinsights_sitenote_active":false,"_monsterinsights_sitenote_note":"","_monsterinsights_sitenote_category":0},"product_brand":[],"product_cat":[75],"product_tag":[],"class_list":{"0":"post-5395","1":"product","2":"type-product","3":"status-publish","4":"has-post-thumbnail","6":"product_cat-brown-beers","8":"first","9":"instock","10":"shipping-taxable","11":"product-type-simple"},"_links":{"self":[{"href":"https:\/\/www.patermarcus.hu\/en\/wp-json\/wp\/v2\/product\/5395","targetHints":{"allow":["GET"]}}],"collection":[{"href":"https:\/\/www.patermarcus.hu\/en\/wp-json\/wp\/v2\/product"}],"about":[{"href":"https:\/\/www.patermarcus.hu\/en\/wp-json\/wp\/v2\/types\/product"}],"replies":[{"embeddable":true,"href":"https:\/\/www.patermarcus.hu\/en\/wp-json\/wp\/v2\/comments?post=5395"}],"wp:featuredmedia":[{"embeddable":true,"href":"https:\/\/www.patermarcus.hu\/en\/wp-json\/wp\/v2\/media\/5733"}],"wp:attachment":[{"href":"https:\/\/www.patermarcus.hu\/en\/wp-json\/wp\/v2\/media?parent=5395"}],"wp:term":[{"taxonomy":"product_brand","embeddable":true,"href":"https:\/\/www.patermarcus.hu\/en\/wp-json\/wp\/v2\/product_brand?post=5395"},{"taxonomy":"product_cat","embeddable":true,"href":"https:\/\/www.patermarcus.hu\/en\/wp-json\/wp\/v2\/product_cat?post=5395"},{"taxonomy":"product_tag","embeddable":true,"href":"https:\/\/www.patermarcus.hu\/en\/wp-json\/wp\/v2\/product_tag?post=5395"}],"curies":[{"name":"wp","href":"https:\/\/api.w.org\/{rel}","templated":true}]}}