{"id":5386,"date":"2021-07-19T09:50:16","date_gmt":"2021-07-19T09:50:16","guid":{"rendered":"https:\/\/www.patermarcus.hu\/?post_type=product&#038;p=5386"},"modified":"2025-06-29T13:53:08","modified_gmt":"2025-06-29T13:53:08","slug":"pater-marcus-pils","status":"publish","type":"product","link":"https:\/\/www.patermarcus.hu\/en\/termek\/pater-marcus-pils\/","title":{"rendered":"Pater Marcus Pils"},"content":{"rendered":"<h3><em>4,9% ap\u00e1ts\u00e1gi pils<br \/>\n<\/em><\/h3>\n<p><em>M Brewery Co, (saj\u00e1t recept\u00fara alapj\u00e1n f\u0151zetett ale)<\/em><\/p>\n<p><span class=\"HwtZe\" lang=\"en\"><span class=\"jCAhz ChMk0b\"><span class=\"ryNqvb\">It is characterized by a very high hop content and a long-lasting foam crown.<\/span><\/span> <span class=\"jCAhz ChMk0b\"><span class=\"ryNqvb\">It is golden in color and has a floral bouquet.<\/span><\/span> <span class=\"jCAhz ChMk0b\"><span class=\"ryNqvb\">Soft and elegantly dry light beer with a hoppy aftertaste.<\/span><\/span> <span class=\"jCAhz ChMk0b\"><span class=\"ryNqvb\">In this drink, both in taste and color, we meet a real pils, which will go down just as well in a winter, friendly conversation as in a sultry summer evening.<\/span><\/span><\/span><\/p>\n<p>0,25 l \u2013 1.100.- Ft<\/p>\n<p>0,4 l \u2013 1.600.- Ft<\/p>\n","protected":false},"excerpt":{"rendered":"<p>4,9% ap\u00e1ts\u00e1gi pils M Brewery Co, (saj\u00e1t recept\u00fara alapj\u00e1n f\u0151zetett ale) It is characterized by a very high hop content and a long-lasting foam crown. It is golden in color and has a floral bouquet. Soft and elegantly dry light beer with a hoppy aftertaste. In this drink, both in taste and color, we meet [&hellip;]<\/p>\n","protected":false},"featured_media":4822,"comment_status":"closed","ping_status":"closed","template":"","meta":{"_monsterinsights_skip_tracking":false,"_monsterinsights_sitenote_active":false,"_monsterinsights_sitenote_note":"","_monsterinsights_sitenote_category":0},"product_brand":[],"product_cat":[68],"product_tag":[],"class_list":{"0":"post-5386","1":"product","2":"type-product","3":"status-publish","4":"has-post-thumbnail","6":"product_cat-draft-beer","8":"first","9":"instock","10":"shipping-taxable","11":"product-type-simple"},"_links":{"self":[{"href":"https:\/\/www.patermarcus.hu\/en\/wp-json\/wp\/v2\/product\/5386","targetHints":{"allow":["GET"]}}],"collection":[{"href":"https:\/\/www.patermarcus.hu\/en\/wp-json\/wp\/v2\/product"}],"about":[{"href":"https:\/\/www.patermarcus.hu\/en\/wp-json\/wp\/v2\/types\/product"}],"replies":[{"embeddable":true,"href":"https:\/\/www.patermarcus.hu\/en\/wp-json\/wp\/v2\/comments?post=5386"}],"wp:featuredmedia":[{"embeddable":true,"href":"https:\/\/www.patermarcus.hu\/en\/wp-json\/wp\/v2\/media\/4822"}],"wp:attachment":[{"href":"https:\/\/www.patermarcus.hu\/en\/wp-json\/wp\/v2\/media?parent=5386"}],"wp:term":[{"taxonomy":"product_brand","embeddable":true,"href":"https:\/\/www.patermarcus.hu\/en\/wp-json\/wp\/v2\/product_brand?post=5386"},{"taxonomy":"product_cat","embeddable":true,"href":"https:\/\/www.patermarcus.hu\/en\/wp-json\/wp\/v2\/product_cat?post=5386"},{"taxonomy":"product_tag","embeddable":true,"href":"https:\/\/www.patermarcus.hu\/en\/wp-json\/wp\/v2\/product_tag?post=5386"}],"curies":[{"name":"wp","href":"https:\/\/api.w.org\/{rel}","templated":true}]}}