{"id":5385,"date":"2021-10-28T17:25:40","date_gmt":"2021-10-28T17:25:40","guid":{"rendered":"https:\/\/www.patermarcus.hu\/?post_type=product&#038;p=5385"},"modified":"2024-05-19T19:31:03","modified_gmt":"2024-05-19T19:31:03","slug":"tripel-karmeliet-2","status":"publish","type":"product","link":"https:\/\/www.patermarcus.hu\/en\/termek\/tripel-karmeliet-2\/","title":{"rendered":"Tripel Karmeliet"},"content":{"rendered":"<h3><em>8,4% ap\u00e1ts\u00e1gi vil\u00e1gos tripel<\/em><\/h3>\n<p>Bosteels S\u00f6rf\u0151zde (1791), Buggenhout, Kelet \u2013Flandria<\/p>\n<p>To brew this beer, three types of grains \u2013 barley, wheat, and oats \u2013 are used. Its head is long-lasting, creamy, and frothy, with a light orange color. Its scent is malty and orangey. It\u2019s a beautifully balanced beverage in which subtle acids and discreet bitterness are hidden behind the reservedly present, rather high alcohol content. In its pleasantly spicy aftertaste, cloves and cinnamon also mingle. A cleverly enticing drink.<\/p>\n<p>0,3 l\u00a0\u00a0 2.500.- Ft<\/p>\n","protected":false},"excerpt":{"rendered":"<p>8,4% ap\u00e1ts\u00e1gi vil\u00e1gos tripel Bosteels S\u00f6rf\u0151zde (1791), Buggenhout, Kelet \u2013Flandria To brew this beer, three types of grains \u2013 barley, wheat, and oats \u2013 are used. Its head is long-lasting, creamy, and frothy, with a light orange color. Its scent is malty and orangey. It\u2019s a beautifully balanced beverage in which subtle acids and discreet [&hellip;]<\/p>\n","protected":false},"featured_media":5043,"comment_status":"closed","ping_status":"closed","template":"","meta":{"_monsterinsights_skip_tracking":false,"_monsterinsights_sitenote_active":false,"_monsterinsights_sitenote_note":"","_monsterinsights_sitenote_category":0},"product_brand":[],"product_cat":[68],"product_tag":[],"class_list":{"0":"post-5385","1":"product","2":"type-product","3":"status-publish","4":"has-post-thumbnail","6":"product_cat-draft-beer","8":"first","9":"instock","10":"shipping-taxable","11":"product-type-simple"},"_links":{"self":[{"href":"https:\/\/www.patermarcus.hu\/en\/wp-json\/wp\/v2\/product\/5385","targetHints":{"allow":["GET"]}}],"collection":[{"href":"https:\/\/www.patermarcus.hu\/en\/wp-json\/wp\/v2\/product"}],"about":[{"href":"https:\/\/www.patermarcus.hu\/en\/wp-json\/wp\/v2\/types\/product"}],"replies":[{"embeddable":true,"href":"https:\/\/www.patermarcus.hu\/en\/wp-json\/wp\/v2\/comments?post=5385"}],"wp:featuredmedia":[{"embeddable":true,"href":"https:\/\/www.patermarcus.hu\/en\/wp-json\/wp\/v2\/media\/5043"}],"wp:attachment":[{"href":"https:\/\/www.patermarcus.hu\/en\/wp-json\/wp\/v2\/media?parent=5385"}],"wp:term":[{"taxonomy":"product_brand","embeddable":true,"href":"https:\/\/www.patermarcus.hu\/en\/wp-json\/wp\/v2\/product_brand?post=5385"},{"taxonomy":"product_cat","embeddable":true,"href":"https:\/\/www.patermarcus.hu\/en\/wp-json\/wp\/v2\/product_cat?post=5385"},{"taxonomy":"product_tag","embeddable":true,"href":"https:\/\/www.patermarcus.hu\/en\/wp-json\/wp\/v2\/product_tag?post=5385"}],"curies":[{"name":"wp","href":"https:\/\/api.w.org\/{rel}","templated":true}]}}