{"id":5381,"date":"2021-05-02T14:20:34","date_gmt":"2021-05-02T14:20:34","guid":{"rendered":"https:\/\/www.patermarcus.hu\/?post_type=product&#038;p=5381"},"modified":"2026-02-21T11:07:40","modified_gmt":"2026-02-21T11:07:40","slug":"gallica-cytrea-zer0","status":"publish","type":"product","link":"https:\/\/www.patermarcus.hu\/en\/termek\/gallica-cytrea-zer0\/","title":{"rendered":"Gallica Cytrea Zer0%"},"content":{"rendered":"<p><strong>0,0% alkoholmentes citromos barna s\u00f6r<\/strong><\/p>\n<p><strong>Silly S\u00f6rf\u0151zde (1850), Silly, Hainaut<\/strong><\/p>\n<p><span class=\"HwtZe\" lang=\"en\"><span class=\"jCAhz ChMk0b\"><span class=\"ryNqvb\">Thanks to its special preparation method, the bitterness of the brown beer is completed by the added natural lemon juice!<\/span><\/span> <span class=\"jCAhz ChMk0b\"><span class=\"ryNqvb\">It opens new horizons in the world of alcohol-free beers!<\/span><\/span> <span class=\"jCAhz ChMk0b\"><span class=\"ryNqvb\">We recommend consuming it at 5-8 degrees.<\/span><\/span> <span class=\"jCAhz ChMk0b\"><span class=\"ryNqvb\">Since it is completely alcohol-free, it can be consumed by drivers and pregnant mothers as well!<\/span><\/span><\/span><\/p>\n<p>2.000.-<\/p>\n","protected":false},"excerpt":{"rendered":"<p>0,0% alkoholmentes citromos barna s\u00f6r Silly S\u00f6rf\u0151zde (1850), Silly, Hainaut Thanks to its special preparation method, the bitterness of the brown beer is completed by the added natural lemon juice! It opens new horizons in the world of alcohol-free beers! We recommend consuming it at 5-8 degrees. Since it is completely alcohol-free, it can be [&hellip;]<\/p>\n","protected":false},"featured_media":4926,"comment_status":"closed","ping_status":"closed","template":"","meta":{"_monsterinsights_skip_tracking":false,"_monsterinsights_sitenote_active":false,"_monsterinsights_sitenote_note":"","_monsterinsights_sitenote_category":0},"product_brand":[],"product_cat":[76],"product_tag":[],"class_list":{"0":"post-5381","1":"product","2":"type-product","3":"status-publish","4":"has-post-thumbnail","6":"product_cat-alcohol-free-beers","8":"first","9":"instock","10":"shipping-taxable","11":"product-type-simple"},"_links":{"self":[{"href":"https:\/\/www.patermarcus.hu\/en\/wp-json\/wp\/v2\/product\/5381","targetHints":{"allow":["GET"]}}],"collection":[{"href":"https:\/\/www.patermarcus.hu\/en\/wp-json\/wp\/v2\/product"}],"about":[{"href":"https:\/\/www.patermarcus.hu\/en\/wp-json\/wp\/v2\/types\/product"}],"replies":[{"embeddable":true,"href":"https:\/\/www.patermarcus.hu\/en\/wp-json\/wp\/v2\/comments?post=5381"}],"wp:featuredmedia":[{"embeddable":true,"href":"https:\/\/www.patermarcus.hu\/en\/wp-json\/wp\/v2\/media\/4926"}],"wp:attachment":[{"href":"https:\/\/www.patermarcus.hu\/en\/wp-json\/wp\/v2\/media?parent=5381"}],"wp:term":[{"taxonomy":"product_brand","embeddable":true,"href":"https:\/\/www.patermarcus.hu\/en\/wp-json\/wp\/v2\/product_brand?post=5381"},{"taxonomy":"product_cat","embeddable":true,"href":"https:\/\/www.patermarcus.hu\/en\/wp-json\/wp\/v2\/product_cat?post=5381"},{"taxonomy":"product_tag","embeddable":true,"href":"https:\/\/www.patermarcus.hu\/en\/wp-json\/wp\/v2\/product_tag?post=5381"}],"curies":[{"name":"wp","href":"https:\/\/api.w.org\/{rel}","templated":true}]}}