{"id":5345,"date":"2021-05-02T12:27:40","date_gmt":"2021-05-02T12:27:40","guid":{"rendered":"https:\/\/www.patermarcus.hu\/?post_type=product&#038;p=5345"},"modified":"2026-02-21T11:17:10","modified_gmt":"2026-02-21T11:17:10","slug":"mongozo-coconut","status":"publish","type":"product","link":"https:\/\/www.patermarcus.hu\/en\/termek\/mongozo-coconut\/","title":{"rendered":"Mongozo Coconut"},"content":{"rendered":"<h3><em>3,6% k\u00f3kuszos b\u00fazas\u00f6r<\/em><\/h3>\n<p>Huyghe S\u00f6rf\u0151zde (1654), Melle, Kelet-Flandria<\/p>\n<p>Mongozo Coconut is an exotic beer with the refreshing taste of coconut. Mongozo Coconut&#8217;s refreshing taste makes it an excellent accompaniment to exotic dishes. The beer carries the Fairtrade\/Max Havelaar label and has an alcohol content of 3.5% by volume.<\/p>\n<p>0,33 l\u00a0\u00a0 2.850.- Ft<\/p>\n","protected":false},"excerpt":{"rendered":"<p>3,6% k\u00f3kuszos b\u00fazas\u00f6r Huyghe S\u00f6rf\u0151zde (1654), Melle, Kelet-Flandria Mongozo Coconut is an exotic beer with the refreshing taste of coconut. Mongozo Coconut&#8217;s refreshing taste makes it an excellent accompaniment to exotic dishes. The beer carries the Fairtrade\/Max Havelaar label and has an alcohol content of 3.5% by volume. 0,33 l\u00a0\u00a0 2.850.- Ft<\/p>\n","protected":false},"featured_media":5755,"comment_status":"closed","ping_status":"closed","template":"","meta":{"_monsterinsights_skip_tracking":false,"_monsterinsights_sitenote_active":false,"_monsterinsights_sitenote_note":"","_monsterinsights_sitenote_category":0},"product_brand":[],"product_cat":[73],"product_tag":[],"class_list":{"0":"post-5345","1":"product","2":"type-product","3":"status-publish","4":"has-post-thumbnail","6":"product_cat-fruit-beers","8":"first","9":"instock","10":"shipping-taxable","11":"product-type-simple"},"_links":{"self":[{"href":"https:\/\/www.patermarcus.hu\/en\/wp-json\/wp\/v2\/product\/5345","targetHints":{"allow":["GET"]}}],"collection":[{"href":"https:\/\/www.patermarcus.hu\/en\/wp-json\/wp\/v2\/product"}],"about":[{"href":"https:\/\/www.patermarcus.hu\/en\/wp-json\/wp\/v2\/types\/product"}],"replies":[{"embeddable":true,"href":"https:\/\/www.patermarcus.hu\/en\/wp-json\/wp\/v2\/comments?post=5345"}],"wp:featuredmedia":[{"embeddable":true,"href":"https:\/\/www.patermarcus.hu\/en\/wp-json\/wp\/v2\/media\/5755"}],"wp:attachment":[{"href":"https:\/\/www.patermarcus.hu\/en\/wp-json\/wp\/v2\/media?parent=5345"}],"wp:term":[{"taxonomy":"product_brand","embeddable":true,"href":"https:\/\/www.patermarcus.hu\/en\/wp-json\/wp\/v2\/product_brand?post=5345"},{"taxonomy":"product_cat","embeddable":true,"href":"https:\/\/www.patermarcus.hu\/en\/wp-json\/wp\/v2\/product_cat?post=5345"},{"taxonomy":"product_tag","embeddable":true,"href":"https:\/\/www.patermarcus.hu\/en\/wp-json\/wp\/v2\/product_tag?post=5345"}],"curies":[{"name":"wp","href":"https:\/\/api.w.org\/{rel}","templated":true}]}}