{"id":5343,"date":"2021-05-02T12:17:47","date_gmt":"2021-05-02T12:17:47","guid":{"rendered":"https:\/\/www.patermarcus.hu\/?post_type=product&#038;p=5343"},"modified":"2026-02-21T11:16:42","modified_gmt":"2026-02-21T11:16:42","slug":"floris-honey","status":"publish","type":"product","link":"https:\/\/www.patermarcus.hu\/en\/termek\/floris-honey\/","title":{"rendered":"Floris Honey"},"content":{"rendered":"<h3><em>3,6% m\u00e9zes b\u00fazas\u00f6r<\/em><\/h3>\n<p>Huyghe S\u00f6rf\u0151zde (1654), Melle, Kelet Flandria<\/p>\n<p>It is a real beer speciality. The fine structured foam of the golden coloured drink does not collapse even after some minutes. Its flavour<br \/>\nresembles a flowered meadow, but only till the first taste: that time the unique savour of honey and beeswax overwhelm everything. Because of the light body, the fresh fizzy attitude and the long, sweet aftertaste even those who usually don&amp;#39;t like drinking beer will love this drink. (we can have the impression that a groggy bee can emerge from the bottle).<\/p>\n<p>0,33 l\u00a0\u00a0 2.600.- Ft<\/p>\n","protected":false},"excerpt":{"rendered":"<p>3,6% m\u00e9zes b\u00fazas\u00f6r Huyghe S\u00f6rf\u0151zde (1654), Melle, Kelet Flandria It is a real beer speciality. The fine structured foam of the golden coloured drink does not collapse even after some minutes. Its flavour resembles a flowered meadow, but only till the first taste: that time the unique savour of honey and beeswax overwhelm everything. Because [&hellip;]<\/p>\n","protected":false},"featured_media":5745,"comment_status":"closed","ping_status":"closed","template":"","meta":{"_monsterinsights_skip_tracking":false,"_monsterinsights_sitenote_active":false,"_monsterinsights_sitenote_note":"","_monsterinsights_sitenote_category":0},"product_brand":[],"product_cat":[73],"product_tag":[],"class_list":{"0":"post-5343","1":"product","2":"type-product","3":"status-publish","4":"has-post-thumbnail","6":"product_cat-fruit-beers","8":"first","9":"instock","10":"shipping-taxable","11":"product-type-simple"},"_links":{"self":[{"href":"https:\/\/www.patermarcus.hu\/en\/wp-json\/wp\/v2\/product\/5343","targetHints":{"allow":["GET"]}}],"collection":[{"href":"https:\/\/www.patermarcus.hu\/en\/wp-json\/wp\/v2\/product"}],"about":[{"href":"https:\/\/www.patermarcus.hu\/en\/wp-json\/wp\/v2\/types\/product"}],"replies":[{"embeddable":true,"href":"https:\/\/www.patermarcus.hu\/en\/wp-json\/wp\/v2\/comments?post=5343"}],"wp:featuredmedia":[{"embeddable":true,"href":"https:\/\/www.patermarcus.hu\/en\/wp-json\/wp\/v2\/media\/5745"}],"wp:attachment":[{"href":"https:\/\/www.patermarcus.hu\/en\/wp-json\/wp\/v2\/media?parent=5343"}],"wp:term":[{"taxonomy":"product_brand","embeddable":true,"href":"https:\/\/www.patermarcus.hu\/en\/wp-json\/wp\/v2\/product_brand?post=5343"},{"taxonomy":"product_cat","embeddable":true,"href":"https:\/\/www.patermarcus.hu\/en\/wp-json\/wp\/v2\/product_cat?post=5343"},{"taxonomy":"product_tag","embeddable":true,"href":"https:\/\/www.patermarcus.hu\/en\/wp-json\/wp\/v2\/product_tag?post=5343"}],"curies":[{"name":"wp","href":"https:\/\/api.w.org\/{rel}","templated":true}]}}