{"id":5340,"date":"2021-05-02T12:19:18","date_gmt":"2021-05-02T12:19:18","guid":{"rendered":"https:\/\/www.patermarcus.hu\/?post_type=product&#038;p=5340"},"modified":"2026-02-21T11:15:58","modified_gmt":"2026-02-21T11:15:58","slug":"floris-fraise","status":"publish","type":"product","link":"https:\/\/www.patermarcus.hu\/en\/termek\/floris-fraise\/","title":{"rendered":"Floris Fraise"},"content":{"rendered":"<h3><em>3,6% epres b\u00fazas\u00f6r<\/em><\/h3>\n<p>Huyghe S\u00f6rf\u0151zde (1654), Melle, Kelet Flandria<\/p>\n<p>This reddish drink seems to have a strange taste first, as if it were the combination of beer and strawberry ice cream. No wonder, this wheat beer has been mellowed together with fresh strawberries. Then the strawberry flavor and bouquet enchant you. An excellent refresher of hot summer afternoons and evenings.<\/p>\n<p>0,33 l\u00a0\u00a0 2.600.- Ft<\/p>\n","protected":false},"excerpt":{"rendered":"<p>3,6% epres b\u00fazas\u00f6r Huyghe S\u00f6rf\u0151zde (1654), Melle, Kelet Flandria This reddish drink seems to have a strange taste first, as if it were the combination of beer and strawberry ice cream. No wonder, this wheat beer has been mellowed together with fresh strawberries. Then the strawberry flavor and bouquet enchant you. An excellent refresher of [&hellip;]<\/p>\n","protected":false},"featured_media":5747,"comment_status":"closed","ping_status":"closed","template":"","meta":{"_monsterinsights_skip_tracking":false,"_monsterinsights_sitenote_active":false,"_monsterinsights_sitenote_note":"","_monsterinsights_sitenote_category":0},"product_brand":[],"product_cat":[73],"product_tag":[],"class_list":{"0":"post-5340","1":"product","2":"type-product","3":"status-publish","4":"has-post-thumbnail","6":"product_cat-fruit-beers","8":"first","9":"instock","10":"shipping-taxable","11":"product-type-simple"},"_links":{"self":[{"href":"https:\/\/www.patermarcus.hu\/en\/wp-json\/wp\/v2\/product\/5340","targetHints":{"allow":["GET"]}}],"collection":[{"href":"https:\/\/www.patermarcus.hu\/en\/wp-json\/wp\/v2\/product"}],"about":[{"href":"https:\/\/www.patermarcus.hu\/en\/wp-json\/wp\/v2\/types\/product"}],"replies":[{"embeddable":true,"href":"https:\/\/www.patermarcus.hu\/en\/wp-json\/wp\/v2\/comments?post=5340"}],"wp:featuredmedia":[{"embeddable":true,"href":"https:\/\/www.patermarcus.hu\/en\/wp-json\/wp\/v2\/media\/5747"}],"wp:attachment":[{"href":"https:\/\/www.patermarcus.hu\/en\/wp-json\/wp\/v2\/media?parent=5340"}],"wp:term":[{"taxonomy":"product_brand","embeddable":true,"href":"https:\/\/www.patermarcus.hu\/en\/wp-json\/wp\/v2\/product_brand?post=5340"},{"taxonomy":"product_cat","embeddable":true,"href":"https:\/\/www.patermarcus.hu\/en\/wp-json\/wp\/v2\/product_cat?post=5340"},{"taxonomy":"product_tag","embeddable":true,"href":"https:\/\/www.patermarcus.hu\/en\/wp-json\/wp\/v2\/product_tag?post=5340"}],"curies":[{"name":"wp","href":"https:\/\/api.w.org\/{rel}","templated":true}]}}