{"id":5339,"date":"2021-05-02T12:20:50","date_gmt":"2021-05-02T12:20:50","guid":{"rendered":"https:\/\/www.patermarcus.hu\/?post_type=product&#038;p=5339"},"modified":"2026-02-21T11:16:28","modified_gmt":"2026-02-21T11:16:28","slug":"floris-passion","status":"publish","type":"product","link":"https:\/\/www.patermarcus.hu\/en\/termek\/floris-passion\/","title":{"rendered":"Floris Passion"},"content":{"rendered":"<h3><em>3,6% maracuj\u00e1s b\u00fazas\u00f6r<\/em><\/h3>\n<p>Huyghe S\u00f6rf\u0151zde (1654), Melle, Kelet Flandria<\/p>\n<p>The little brother of the previous beer with lower alcoholic content. Its bouquets and flavors are defined by a tropical fruit called passion, in addition, the aromas of pineapple, litchi and mango also appear. A delicacy drink, ladies with a sweet tooth have an advantage!<\/p>\n<p>0,33 l\u00a0\u00a0 2.600.- Ft<\/p>\n","protected":false},"excerpt":{"rendered":"<p>3,6% maracuj\u00e1s b\u00fazas\u00f6r Huyghe S\u00f6rf\u0151zde (1654), Melle, Kelet Flandria The little brother of the previous beer with lower alcoholic content. Its bouquets and flavors are defined by a tropical fruit called passion, in addition, the aromas of pineapple, litchi and mango also appear. A delicacy drink, ladies with a sweet tooth have an advantage! 0,33 [&hellip;]<\/p>\n","protected":false},"featured_media":5741,"comment_status":"closed","ping_status":"closed","template":"","meta":{"_monsterinsights_skip_tracking":false,"_monsterinsights_sitenote_active":false,"_monsterinsights_sitenote_note":"","_monsterinsights_sitenote_category":0},"product_brand":[],"product_cat":[73],"product_tag":[],"class_list":{"0":"post-5339","1":"product","2":"type-product","3":"status-publish","4":"has-post-thumbnail","6":"product_cat-fruit-beers","8":"first","9":"instock","10":"shipping-taxable","11":"product-type-simple"},"_links":{"self":[{"href":"https:\/\/www.patermarcus.hu\/en\/wp-json\/wp\/v2\/product\/5339","targetHints":{"allow":["GET"]}}],"collection":[{"href":"https:\/\/www.patermarcus.hu\/en\/wp-json\/wp\/v2\/product"}],"about":[{"href":"https:\/\/www.patermarcus.hu\/en\/wp-json\/wp\/v2\/types\/product"}],"replies":[{"embeddable":true,"href":"https:\/\/www.patermarcus.hu\/en\/wp-json\/wp\/v2\/comments?post=5339"}],"wp:featuredmedia":[{"embeddable":true,"href":"https:\/\/www.patermarcus.hu\/en\/wp-json\/wp\/v2\/media\/5741"}],"wp:attachment":[{"href":"https:\/\/www.patermarcus.hu\/en\/wp-json\/wp\/v2\/media?parent=5339"}],"wp:term":[{"taxonomy":"product_brand","embeddable":true,"href":"https:\/\/www.patermarcus.hu\/en\/wp-json\/wp\/v2\/product_brand?post=5339"},{"taxonomy":"product_cat","embeddable":true,"href":"https:\/\/www.patermarcus.hu\/en\/wp-json\/wp\/v2\/product_cat?post=5339"},{"taxonomy":"product_tag","embeddable":true,"href":"https:\/\/www.patermarcus.hu\/en\/wp-json\/wp\/v2\/product_tag?post=5339"}],"curies":[{"name":"wp","href":"https:\/\/api.w.org\/{rel}","templated":true}]}}