{"id":5338,"date":"2021-05-02T12:28:53","date_gmt":"2021-05-02T12:28:53","guid":{"rendered":"https:\/\/www.patermarcus.hu\/?post_type=product&#038;p=5338"},"modified":"2025-02-01T12:56:01","modified_gmt":"2025-02-01T12:56:01","slug":"liefmans-fruitesse","status":"publish","type":"product","link":"https:\/\/www.patermarcus.hu\/en\/termek\/liefmans-fruitesse\/","title":{"rendered":"Liefmans Fruitesse"},"content":{"rendered":"<h3><em>4,2% pirosgy\u00fcm\u00f6lcs\u00f6s ale<\/em><\/h3>\n<p>Liefmans S\u00f6rf\u0151zde (1697), Oudenaarde<\/p>\n<p>A clear, red drink with a soft, pink foam. It\u2019s perfume reminds us to our childhood\u2019s candys, and syrups. The beer had been matured for 18 months on cherrries, then it was blended with natural juices of strawberry, raspberry, cherry, blueberry and juniper berry. All the ingredients are appreciable at the first sip: The beer is sweet like strawberry, sour like cherry, and the aftertaste is harsh, like blueberry. A sparkling, refreshing beer for sweet-toothed redfruit lovers.<\/p>\n<p>0,25 l\u00a0\u00a0 1.950.- Ft<\/p>\n","protected":false},"excerpt":{"rendered":"<p>4,2% pirosgy\u00fcm\u00f6lcs\u00f6s ale Liefmans S\u00f6rf\u0151zde (1697), Oudenaarde A clear, red drink with a soft, pink foam. It\u2019s perfume reminds us to our childhood\u2019s candys, and syrups. The beer had been matured for 18 months on cherrries, then it was blended with natural juices of strawberry, raspberry, cherry, blueberry and juniper berry. All the ingredients are [&hellip;]<\/p>\n","protected":false},"featured_media":4917,"comment_status":"closed","ping_status":"closed","template":"","meta":{"_monsterinsights_skip_tracking":false,"_monsterinsights_sitenote_active":false,"_monsterinsights_sitenote_note":"","_monsterinsights_sitenote_category":0},"product_brand":[],"product_cat":[73],"product_tag":[],"class_list":{"0":"post-5338","1":"product","2":"type-product","3":"status-publish","4":"has-post-thumbnail","6":"product_cat-fruit-beers","8":"first","9":"instock","10":"shipping-taxable","11":"product-type-simple"},"_links":{"self":[{"href":"https:\/\/www.patermarcus.hu\/en\/wp-json\/wp\/v2\/product\/5338","targetHints":{"allow":["GET"]}}],"collection":[{"href":"https:\/\/www.patermarcus.hu\/en\/wp-json\/wp\/v2\/product"}],"about":[{"href":"https:\/\/www.patermarcus.hu\/en\/wp-json\/wp\/v2\/types\/product"}],"replies":[{"embeddable":true,"href":"https:\/\/www.patermarcus.hu\/en\/wp-json\/wp\/v2\/comments?post=5338"}],"wp:featuredmedia":[{"embeddable":true,"href":"https:\/\/www.patermarcus.hu\/en\/wp-json\/wp\/v2\/media\/4917"}],"wp:attachment":[{"href":"https:\/\/www.patermarcus.hu\/en\/wp-json\/wp\/v2\/media?parent=5338"}],"wp:term":[{"taxonomy":"product_brand","embeddable":true,"href":"https:\/\/www.patermarcus.hu\/en\/wp-json\/wp\/v2\/product_brand?post=5338"},{"taxonomy":"product_cat","embeddable":true,"href":"https:\/\/www.patermarcus.hu\/en\/wp-json\/wp\/v2\/product_cat?post=5338"},{"taxonomy":"product_tag","embeddable":true,"href":"https:\/\/www.patermarcus.hu\/en\/wp-json\/wp\/v2\/product_tag?post=5338"}],"curies":[{"name":"wp","href":"https:\/\/api.w.org\/{rel}","templated":true}]}}