{"id":5317,"date":"2021-05-02T14:35:54","date_gmt":"2021-05-02T14:35:54","guid":{"rendered":"https:\/\/www.patermarcus.hu\/?post_type=product&#038;p=5317"},"modified":"2026-02-21T11:05:51","modified_gmt":"2026-02-21T11:05:51","slug":"delirium-nocturnum","status":"publish","type":"product","link":"https:\/\/www.patermarcus.hu\/en\/termek\/delirium-nocturnum\/","title":{"rendered":"Delirium Nocturnum"},"content":{"rendered":"<h3><em>9% er\u0151s barna ale<\/em><\/h3>\n<p>Huyghe S\u00f6rf\u0151zde (1654), Melle, Kelet-Flandria<\/p>\n<p>A deep red leaning towards black in color, crowned with a moderately persistent head. In its aroma, there&#8217;s tremendous intensity, and in its taste, deep complexity. It boasts a huge body with a throat-numbing alcohol presence. It&#8217;s a beverage for bold individuals, an ideal nightcap before bedtime, albeit a potent one.<\/p>\n<p>0,33 l\u00a0\u00a0 3.200.- Ft<\/p>\n","protected":false},"excerpt":{"rendered":"<p>9% er\u0151s barna ale Huyghe S\u00f6rf\u0151zde (1654), Melle, Kelet-Flandria A deep red leaning towards black in color, crowned with a moderately persistent head. In its aroma, there&#8217;s tremendous intensity, and in its taste, deep complexity. It boasts a huge body with a throat-numbing alcohol presence. It&#8217;s a beverage for bold individuals, an ideal nightcap before [&hellip;]<\/p>\n","protected":false},"featured_media":4937,"comment_status":"closed","ping_status":"closed","template":"","meta":{"_monsterinsights_skip_tracking":false,"_monsterinsights_sitenote_active":false,"_monsterinsights_sitenote_note":"","_monsterinsights_sitenote_category":0},"product_brand":[],"product_cat":[75],"product_tag":[],"class_list":{"0":"post-5317","1":"product","2":"type-product","3":"status-publish","4":"has-post-thumbnail","6":"product_cat-brown-beers","8":"first","9":"instock","10":"shipping-taxable","11":"product-type-simple"},"_links":{"self":[{"href":"https:\/\/www.patermarcus.hu\/en\/wp-json\/wp\/v2\/product\/5317","targetHints":{"allow":["GET"]}}],"collection":[{"href":"https:\/\/www.patermarcus.hu\/en\/wp-json\/wp\/v2\/product"}],"about":[{"href":"https:\/\/www.patermarcus.hu\/en\/wp-json\/wp\/v2\/types\/product"}],"replies":[{"embeddable":true,"href":"https:\/\/www.patermarcus.hu\/en\/wp-json\/wp\/v2\/comments?post=5317"}],"wp:featuredmedia":[{"embeddable":true,"href":"https:\/\/www.patermarcus.hu\/en\/wp-json\/wp\/v2\/media\/4937"}],"wp:attachment":[{"href":"https:\/\/www.patermarcus.hu\/en\/wp-json\/wp\/v2\/media?parent=5317"}],"wp:term":[{"taxonomy":"product_brand","embeddable":true,"href":"https:\/\/www.patermarcus.hu\/en\/wp-json\/wp\/v2\/product_brand?post=5317"},{"taxonomy":"product_cat","embeddable":true,"href":"https:\/\/www.patermarcus.hu\/en\/wp-json\/wp\/v2\/product_cat?post=5317"},{"taxonomy":"product_tag","embeddable":true,"href":"https:\/\/www.patermarcus.hu\/en\/wp-json\/wp\/v2\/product_tag?post=5317"}],"curies":[{"name":"wp","href":"https:\/\/api.w.org\/{rel}","templated":true}]}}