{"id":5316,"date":"2021-05-02T14:31:51","date_gmt":"2021-05-02T14:31:51","guid":{"rendered":"https:\/\/www.patermarcus.hu\/?post_type=product&#038;p=5316"},"modified":"2026-02-21T11:05:23","modified_gmt":"2026-02-21T11:05:23","slug":"corsendonk-pater-dubbel","status":"publish","type":"product","link":"https:\/\/www.patermarcus.hu\/en\/termek\/corsendonk-pater-dubbel\/","title":{"rendered":"Corsendonk Pater Dubbel"},"content":{"rendered":"<h3><em>7,5% barna ap\u00e1ts\u00e1gi dubbel<\/em><\/h3>\n<p>Du Bocq S\u00f6rf\u0151zde (1858), Purnode, Namur<\/p>\n<p>A reddish-brown, unfiltered beer. Upon opening the bottle, a fruity aroma greets the nose, mingling with hints of soy. The first sip introduces a full spectrum of flavors, where chocolate, raisins, and, most notably, the delicate taste of coriander take the lead. With prolonged aeration, notes of orange and cinnamon also make an appearance. A beer of grand stature.<\/p>\n<p>0,33 l\u00a0\u00a0 2.450.- Ft<\/p>\n","protected":false},"excerpt":{"rendered":"<p>7,5% barna ap\u00e1ts\u00e1gi dubbel Du Bocq S\u00f6rf\u0151zde (1858), Purnode, Namur A reddish-brown, unfiltered beer. Upon opening the bottle, a fruity aroma greets the nose, mingling with hints of soy. The first sip introduces a full spectrum of flavors, where chocolate, raisins, and, most notably, the delicate taste of coriander take the lead. With prolonged aeration, [&hellip;]<\/p>\n","protected":false},"featured_media":4934,"comment_status":"closed","ping_status":"closed","template":"","meta":{"_monsterinsights_skip_tracking":false,"_monsterinsights_sitenote_active":false,"_monsterinsights_sitenote_note":"","_monsterinsights_sitenote_category":0},"product_brand":[],"product_cat":[75],"product_tag":[],"class_list":{"0":"post-5316","1":"product","2":"type-product","3":"status-publish","4":"has-post-thumbnail","6":"product_cat-brown-beers","8":"first","9":"instock","10":"shipping-taxable","11":"product-type-simple"},"_links":{"self":[{"href":"https:\/\/www.patermarcus.hu\/en\/wp-json\/wp\/v2\/product\/5316","targetHints":{"allow":["GET"]}}],"collection":[{"href":"https:\/\/www.patermarcus.hu\/en\/wp-json\/wp\/v2\/product"}],"about":[{"href":"https:\/\/www.patermarcus.hu\/en\/wp-json\/wp\/v2\/types\/product"}],"replies":[{"embeddable":true,"href":"https:\/\/www.patermarcus.hu\/en\/wp-json\/wp\/v2\/comments?post=5316"}],"wp:featuredmedia":[{"embeddable":true,"href":"https:\/\/www.patermarcus.hu\/en\/wp-json\/wp\/v2\/media\/4934"}],"wp:attachment":[{"href":"https:\/\/www.patermarcus.hu\/en\/wp-json\/wp\/v2\/media?parent=5316"}],"wp:term":[{"taxonomy":"product_brand","embeddable":true,"href":"https:\/\/www.patermarcus.hu\/en\/wp-json\/wp\/v2\/product_brand?post=5316"},{"taxonomy":"product_cat","embeddable":true,"href":"https:\/\/www.patermarcus.hu\/en\/wp-json\/wp\/v2\/product_cat?post=5316"},{"taxonomy":"product_tag","embeddable":true,"href":"https:\/\/www.patermarcus.hu\/en\/wp-json\/wp\/v2\/product_tag?post=5316"}],"curies":[{"name":"wp","href":"https:\/\/api.w.org\/{rel}","templated":true}]}}