{"id":5313,"date":"2021-05-02T11:47:28","date_gmt":"2021-05-02T11:47:28","guid":{"rendered":"https:\/\/www.patermarcus.hu\/?post_type=product&#038;p=5313"},"modified":"2026-02-21T11:02:15","modified_gmt":"2026-02-21T11:02:15","slug":"tempelier","status":"publish","type":"product","link":"https:\/\/www.patermarcus.hu\/en\/termek\/tempelier\/","title":{"rendered":"Tempelier"},"content":{"rendered":"<h3><em>6% f\u00e9lbarna ale<\/em><\/h3>\n<p><a href=\"http:\/\/patermarcus.mintaka.alfanet.hu\/rolunk\/sorfozdek\/du-bocq-sorfozde-1858-purnode-namur\/\">Du Bocq S\u00f6rf\u0151zde (1858), Purnode, Namur<\/a><\/p>\n<p>A beer leaning towards bronze with a golden hue, it sparkles in the glass. From beneath the massive, white crown of foam, malt, fruit, and yeast aromas rise. In its exceptionally delightful flavor profile, the malt sweetness and spicy base blend with caramel notes and fruity aromas. The sip concludes with a long-lasting and robust bitterness. It&#8217;s a light-bodied, highly carbonated beverage. A beer specialty crafted in honor of the knights guarding the path to Jerusalem.<\/p>\n<p>0,33 l\u00a0\u00a0 2.450.- Ft<\/p>\n","protected":false},"excerpt":{"rendered":"<p>6% f\u00e9lbarna ale Du Bocq S\u00f6rf\u0151zde (1858), Purnode, Namur A beer leaning towards bronze with a golden hue, it sparkles in the glass. From beneath the massive, white crown of foam, malt, fruit, and yeast aromas rise. In its exceptionally delightful flavor profile, the malt sweetness and spicy base blend with caramel notes and fruity [&hellip;]<\/p>\n","protected":false},"featured_media":5730,"comment_status":"closed","ping_status":"closed","template":"","meta":{"_monsterinsights_skip_tracking":false,"_monsterinsights_sitenote_active":false,"_monsterinsights_sitenote_note":"","_monsterinsights_sitenote_category":0},"product_brand":[],"product_cat":[74],"product_tag":[],"class_list":{"0":"post-5313","1":"product","2":"type-product","3":"status-publish","4":"has-post-thumbnail","6":"product_cat-amber-beers","8":"first","9":"instock","10":"shipping-taxable","11":"product-type-simple"},"_links":{"self":[{"href":"https:\/\/www.patermarcus.hu\/en\/wp-json\/wp\/v2\/product\/5313","targetHints":{"allow":["GET"]}}],"collection":[{"href":"https:\/\/www.patermarcus.hu\/en\/wp-json\/wp\/v2\/product"}],"about":[{"href":"https:\/\/www.patermarcus.hu\/en\/wp-json\/wp\/v2\/types\/product"}],"replies":[{"embeddable":true,"href":"https:\/\/www.patermarcus.hu\/en\/wp-json\/wp\/v2\/comments?post=5313"}],"wp:featuredmedia":[{"embeddable":true,"href":"https:\/\/www.patermarcus.hu\/en\/wp-json\/wp\/v2\/media\/5730"}],"wp:attachment":[{"href":"https:\/\/www.patermarcus.hu\/en\/wp-json\/wp\/v2\/media?parent=5313"}],"wp:term":[{"taxonomy":"product_brand","embeddable":true,"href":"https:\/\/www.patermarcus.hu\/en\/wp-json\/wp\/v2\/product_brand?post=5313"},{"taxonomy":"product_cat","embeddable":true,"href":"https:\/\/www.patermarcus.hu\/en\/wp-json\/wp\/v2\/product_cat?post=5313"},{"taxonomy":"product_tag","embeddable":true,"href":"https:\/\/www.patermarcus.hu\/en\/wp-json\/wp\/v2\/product_tag?post=5313"}],"curies":[{"name":"wp","href":"https:\/\/api.w.org\/{rel}","templated":true}]}}