{"id":5308,"date":"2021-05-02T11:43:34","date_gmt":"2021-05-02T11:43:34","guid":{"rendered":"https:\/\/www.patermarcus.hu\/?post_type=product&#038;p=5308"},"modified":"2026-02-21T11:01:50","modified_gmt":"2026-02-21T11:01:50","slug":"corsendonk-rousse","status":"publish","type":"product","link":"https:\/\/www.patermarcus.hu\/en\/termek\/corsendonk-rousse\/","title":{"rendered":"Corsendonk Rousse"},"content":{"rendered":"<h3><em>8% ap\u00e1ts\u00e1gi f\u00e9lbarna ale<\/em><\/h3>\n<p>Du Bocq S\u00f6rf\u0151zde (1858), Purnode, Namur<\/p>\n<p>A beer with a massive body. It has a deep rosy-pink color, reminiscent of strawberry puree, and a lasting, large head. When aired, its aroma reveals increasingly subtle smoky characteristics. It&#8217;s a rich, full-bodied beer that fills the entire mouth. Throughout its fundamentally sweet taste, there are undertones of smokiness and roasted aromas, accompanied by the flavors of red-fleshed fruits and the medicinal notes of herbs.<\/p>\n<p>0,33 l\u00a0\u00a0 2.450.- Ft<\/p>\n","protected":false},"excerpt":{"rendered":"<p>8% ap\u00e1ts\u00e1gi f\u00e9lbarna ale Du Bocq S\u00f6rf\u0151zde (1858), Purnode, Namur A beer with a massive body. It has a deep rosy-pink color, reminiscent of strawberry puree, and a lasting, large head. When aired, its aroma reveals increasingly subtle smoky characteristics. It&#8217;s a rich, full-bodied beer that fills the entire mouth. Throughout its fundamentally sweet taste, [&hellip;]<\/p>\n","protected":false},"featured_media":4892,"comment_status":"closed","ping_status":"closed","template":"","meta":{"_monsterinsights_skip_tracking":false,"_monsterinsights_sitenote_active":false,"_monsterinsights_sitenote_note":"","_monsterinsights_sitenote_category":0},"product_brand":[],"product_cat":[74],"product_tag":[],"class_list":{"0":"post-5308","1":"product","2":"type-product","3":"status-publish","4":"has-post-thumbnail","6":"product_cat-amber-beers","8":"first","9":"instock","10":"shipping-taxable","11":"product-type-simple"},"_links":{"self":[{"href":"https:\/\/www.patermarcus.hu\/en\/wp-json\/wp\/v2\/product\/5308","targetHints":{"allow":["GET"]}}],"collection":[{"href":"https:\/\/www.patermarcus.hu\/en\/wp-json\/wp\/v2\/product"}],"about":[{"href":"https:\/\/www.patermarcus.hu\/en\/wp-json\/wp\/v2\/types\/product"}],"replies":[{"embeddable":true,"href":"https:\/\/www.patermarcus.hu\/en\/wp-json\/wp\/v2\/comments?post=5308"}],"wp:featuredmedia":[{"embeddable":true,"href":"https:\/\/www.patermarcus.hu\/en\/wp-json\/wp\/v2\/media\/4892"}],"wp:attachment":[{"href":"https:\/\/www.patermarcus.hu\/en\/wp-json\/wp\/v2\/media?parent=5308"}],"wp:term":[{"taxonomy":"product_brand","embeddable":true,"href":"https:\/\/www.patermarcus.hu\/en\/wp-json\/wp\/v2\/product_brand?post=5308"},{"taxonomy":"product_cat","embeddable":true,"href":"https:\/\/www.patermarcus.hu\/en\/wp-json\/wp\/v2\/product_cat?post=5308"},{"taxonomy":"product_tag","embeddable":true,"href":"https:\/\/www.patermarcus.hu\/en\/wp-json\/wp\/v2\/product_tag?post=5308"}],"curies":[{"name":"wp","href":"https:\/\/api.w.org\/{rel}","templated":true}]}}