{"id":5304,"date":"2021-05-01T22:19:04","date_gmt":"2021-05-01T22:19:04","guid":{"rendered":"https:\/\/www.patermarcus.hu\/?post_type=product&#038;p=5304"},"modified":"2026-02-21T09:19:32","modified_gmt":"2026-02-21T09:19:32","slug":"st-bernardus-tripel","status":"publish","type":"product","link":"https:\/\/www.patermarcus.hu\/en\/termek\/st-bernardus-tripel\/","title":{"rendered":"St. Bernardus Tripel"},"content":{"rendered":"<h3><em>8% ap\u00e1ts\u00e1gi vil\u00e1gos tripel<\/em><\/h3>\n<p>St. Bernard S\u00f6rf\u0151zde (1946), Watou<\/p>\n<p>The golden triple from the Watou Abbey is a unique creation in its category. A pleasant, sweet vanilla taste is replaced by intensifying citrus flavors, which, together with the high carbonation \u2013 in an unusual manner \u2013 make the otherwise strong beer exceptionally refreshing. In its aftertaste, the bitter-sweet flavor of mandarin mixes with hop bitterness, ultimately bidding farewell with a long, sweetly tangy aftertaste. Strong yet very smooth and refreshing.<\/p>\n<p>0,33 l\u00a0\u00a0 2.500.- Ft<\/p>\n","protected":false},"excerpt":{"rendered":"<p>8% ap\u00e1ts\u00e1gi vil\u00e1gos tripel St. Bernard S\u00f6rf\u0151zde (1946), Watou The golden triple from the Watou Abbey is a unique creation in its category. A pleasant, sweet vanilla taste is replaced by intensifying citrus flavors, which, together with the high carbonation \u2013 in an unusual manner \u2013 make the otherwise strong beer exceptionally refreshing. In its [&hellip;]<\/p>\n","protected":false},"featured_media":4869,"comment_status":"closed","ping_status":"closed","template":"","meta":{"_monsterinsights_skip_tracking":false,"_monsterinsights_sitenote_active":false,"_monsterinsights_sitenote_note":"","_monsterinsights_sitenote_category":0},"product_brand":[],"product_cat":[71],"product_tag":[],"class_list":{"0":"post-5304","1":"product","2":"type-product","3":"status-publish","4":"has-post-thumbnail","6":"product_cat-light-beers","8":"first","9":"instock","10":"shipping-taxable","11":"product-type-simple"},"_links":{"self":[{"href":"https:\/\/www.patermarcus.hu\/en\/wp-json\/wp\/v2\/product\/5304","targetHints":{"allow":["GET"]}}],"collection":[{"href":"https:\/\/www.patermarcus.hu\/en\/wp-json\/wp\/v2\/product"}],"about":[{"href":"https:\/\/www.patermarcus.hu\/en\/wp-json\/wp\/v2\/types\/product"}],"replies":[{"embeddable":true,"href":"https:\/\/www.patermarcus.hu\/en\/wp-json\/wp\/v2\/comments?post=5304"}],"wp:featuredmedia":[{"embeddable":true,"href":"https:\/\/www.patermarcus.hu\/en\/wp-json\/wp\/v2\/media\/4869"}],"wp:attachment":[{"href":"https:\/\/www.patermarcus.hu\/en\/wp-json\/wp\/v2\/media?parent=5304"}],"wp:term":[{"taxonomy":"product_brand","embeddable":true,"href":"https:\/\/www.patermarcus.hu\/en\/wp-json\/wp\/v2\/product_brand?post=5304"},{"taxonomy":"product_cat","embeddable":true,"href":"https:\/\/www.patermarcus.hu\/en\/wp-json\/wp\/v2\/product_cat?post=5304"},{"taxonomy":"product_tag","embeddable":true,"href":"https:\/\/www.patermarcus.hu\/en\/wp-json\/wp\/v2\/product_tag?post=5304"}],"curies":[{"name":"wp","href":"https:\/\/api.w.org\/{rel}","templated":true}]}}