{"id":5300,"date":"2021-05-01T22:02:59","date_gmt":"2021-05-01T22:02:59","guid":{"rendered":"https:\/\/www.patermarcus.hu\/?post_type=product&#038;p=5300"},"modified":"2025-02-01T13:00:26","modified_gmt":"2025-02-01T13:00:26","slug":"piraat","status":"publish","type":"product","link":"https:\/\/www.patermarcus.hu\/en\/termek\/piraat\/","title":{"rendered":"Piraat"},"content":{"rendered":"<h3><em>10,5% er\u0151s aranysz\u00edn\u0171 ale<\/em><\/h3>\n<p>Van Steenberge S\u00f6rf\u0151zde (1784), Ertvelde, Kelet-Flandria<\/p>\n<p>A brownish gold color. Its flavor profile is so complex and rich that every sip offers a new experience. It takes time for the beer to reveal its true character: a spicy, hoppy aroma, a creamy, subtly sweet, and spicy taste that&#8217;s perfectly balanced with robust bitterness. Thanks to its high alcohol content, it provides a pleasantly warming sensation, and the swallowed sip bids farewell with a fruity dryness. A long, exhausting, and perilous sea voyage&#8217;s nourishing, strength-boosting drink \u2013 not only for pirates. Piraat is a true adventure!<\/p>\n<p>0,33 l\u00a0\u00a0 2.650.- Ft<\/p>\n","protected":false},"excerpt":{"rendered":"<p>10,5% er\u0151s aranysz\u00edn\u0171 ale Van Steenberge S\u00f6rf\u0151zde (1784), Ertvelde, Kelet-Flandria A brownish gold color. Its flavor profile is so complex and rich that every sip offers a new experience. It takes time for the beer to reveal its true character: a spicy, hoppy aroma, a creamy, subtly sweet, and spicy taste that&#8217;s perfectly balanced with [&hellip;]<\/p>\n","protected":false},"featured_media":4858,"comment_status":"closed","ping_status":"closed","template":"","meta":{"_monsterinsights_skip_tracking":false,"_monsterinsights_sitenote_active":false,"_monsterinsights_sitenote_note":"","_monsterinsights_sitenote_category":0},"product_brand":[],"product_cat":[71],"product_tag":[],"class_list":{"0":"post-5300","1":"product","2":"type-product","3":"status-publish","4":"has-post-thumbnail","6":"product_cat-light-beers","8":"first","9":"instock","10":"shipping-taxable","11":"product-type-simple"},"_links":{"self":[{"href":"https:\/\/www.patermarcus.hu\/en\/wp-json\/wp\/v2\/product\/5300","targetHints":{"allow":["GET"]}}],"collection":[{"href":"https:\/\/www.patermarcus.hu\/en\/wp-json\/wp\/v2\/product"}],"about":[{"href":"https:\/\/www.patermarcus.hu\/en\/wp-json\/wp\/v2\/types\/product"}],"replies":[{"embeddable":true,"href":"https:\/\/www.patermarcus.hu\/en\/wp-json\/wp\/v2\/comments?post=5300"}],"wp:featuredmedia":[{"embeddable":true,"href":"https:\/\/www.patermarcus.hu\/en\/wp-json\/wp\/v2\/media\/4858"}],"wp:attachment":[{"href":"https:\/\/www.patermarcus.hu\/en\/wp-json\/wp\/v2\/media?parent=5300"}],"wp:term":[{"taxonomy":"product_brand","embeddable":true,"href":"https:\/\/www.patermarcus.hu\/en\/wp-json\/wp\/v2\/product_brand?post=5300"},{"taxonomy":"product_cat","embeddable":true,"href":"https:\/\/www.patermarcus.hu\/en\/wp-json\/wp\/v2\/product_cat?post=5300"},{"taxonomy":"product_tag","embeddable":true,"href":"https:\/\/www.patermarcus.hu\/en\/wp-json\/wp\/v2\/product_tag?post=5300"}],"curies":[{"name":"wp","href":"https:\/\/api.w.org\/{rel}","templated":true}]}}