{"id":5298,"date":"2021-05-01T21:41:19","date_gmt":"2021-05-01T21:41:19","guid":{"rendered":"https:\/\/www.patermarcus.hu\/?post_type=product&#038;p=5298"},"modified":"2026-02-21T09:55:14","modified_gmt":"2026-02-21T09:55:14","slug":"leffe-blonde","status":"publish","type":"product","link":"https:\/\/www.patermarcus.hu\/en\/termek\/leffe-blonde\/","title":{"rendered":"Leffe Blonde"},"content":{"rendered":"<p><strong><em>6,3% ap\u00e1ts\u00e1gi vil\u00e1gos ale<\/em><\/strong><\/p>\n<p><em>St. Guibert<\/em><\/p>\n<p>Thanks to the lightly roasted malt, this beer has a golden color and a persistent, frothy head. It offers a clean taste without standout elements. Perhaps the mild malt sweetness can be highlighted. A discreet, moderate bitterness emerges in the dry, bitter aftertaste. It&#8217;s characterized by perfect balance and a smooth texture. Compact yet seemingly light, it&#8217;s a friendly beer.<\/p>\n<p>2.250.-<\/p>\n","protected":false},"excerpt":{"rendered":"<p>6,3% ap\u00e1ts\u00e1gi vil\u00e1gos ale St. Guibert Thanks to the lightly roasted malt, this beer has a golden color and a persistent, frothy head. It offers a clean taste without standout elements. Perhaps the mild malt sweetness can be highlighted. A discreet, moderate bitterness emerges in the dry, bitter aftertaste. It&#8217;s characterized by perfect balance and [&hellip;]<\/p>\n","protected":false},"featured_media":4844,"comment_status":"closed","ping_status":"closed","template":"","meta":{"_monsterinsights_skip_tracking":false,"_monsterinsights_sitenote_active":false,"_monsterinsights_sitenote_note":"","_monsterinsights_sitenote_category":0},"product_brand":[],"product_cat":[71],"product_tag":[],"class_list":{"0":"post-5298","1":"product","2":"type-product","3":"status-publish","4":"has-post-thumbnail","6":"product_cat-light-beers","8":"first","9":"instock","10":"shipping-taxable","11":"product-type-simple"},"_links":{"self":[{"href":"https:\/\/www.patermarcus.hu\/en\/wp-json\/wp\/v2\/product\/5298","targetHints":{"allow":["GET"]}}],"collection":[{"href":"https:\/\/www.patermarcus.hu\/en\/wp-json\/wp\/v2\/product"}],"about":[{"href":"https:\/\/www.patermarcus.hu\/en\/wp-json\/wp\/v2\/types\/product"}],"replies":[{"embeddable":true,"href":"https:\/\/www.patermarcus.hu\/en\/wp-json\/wp\/v2\/comments?post=5298"}],"wp:featuredmedia":[{"embeddable":true,"href":"https:\/\/www.patermarcus.hu\/en\/wp-json\/wp\/v2\/media\/4844"}],"wp:attachment":[{"href":"https:\/\/www.patermarcus.hu\/en\/wp-json\/wp\/v2\/media?parent=5298"}],"wp:term":[{"taxonomy":"product_brand","embeddable":true,"href":"https:\/\/www.patermarcus.hu\/en\/wp-json\/wp\/v2\/product_brand?post=5298"},{"taxonomy":"product_cat","embeddable":true,"href":"https:\/\/www.patermarcus.hu\/en\/wp-json\/wp\/v2\/product_cat?post=5298"},{"taxonomy":"product_tag","embeddable":true,"href":"https:\/\/www.patermarcus.hu\/en\/wp-json\/wp\/v2\/product_tag?post=5298"}],"curies":[{"name":"wp","href":"https:\/\/api.w.org\/{rel}","templated":true}]}}