{"id":5294,"date":"2021-05-01T21:56:37","date_gmt":"2021-05-01T21:56:37","guid":{"rendered":"https:\/\/www.patermarcus.hu\/?post_type=product&#038;p=5294"},"modified":"2026-02-21T09:56:18","modified_gmt":"2026-02-21T09:56:18","slug":"hopus","status":"publish","type":"product","link":"https:\/\/www.patermarcus.hu\/en\/termek\/hopus\/","title":{"rendered":"Hopus"},"content":{"rendered":"<h3><em>8,3% er\u0151sen koml\u00f3zott, vil\u00e1gos ale<\/em><\/h3>\n<p>L\u00e9febvre S\u00f6rf\u0151zde (1876), Quenast-Rebec, Brabant<\/p>\n<p>A notable representative of the newest trend in Belgian brewing. In this style, hops play a key role in shaping the flavor profile. A clear, golden beer with a large, long-lasting head. Its taste is a perfect harmony of hops, gentle fruitiness, and almost sensual malt experience. At the end of the sip, the beer rewards you with a full-mouth bitterness from the use of five different hop varieties, filling the palate. By choosing this beer, you&#8217;ve selected one of Belgium&#8217;s newest gems.<\/p>\n<p>0,33 l\u00a0\u00a0 2.800.- Ft<\/p>\n","protected":false},"excerpt":{"rendered":"<p>8,3% er\u0151sen koml\u00f3zott, vil\u00e1gos ale L\u00e9febvre S\u00f6rf\u0151zde (1876), Quenast-Rebec, Brabant A notable representative of the newest trend in Belgian brewing. In this style, hops play a key role in shaping the flavor profile. A clear, golden beer with a large, long-lasting head. Its taste is a perfect harmony of hops, gentle fruitiness, and almost sensual [&hellip;]<\/p>\n","protected":false},"featured_media":4854,"comment_status":"closed","ping_status":"closed","template":"","meta":{"_monsterinsights_skip_tracking":false,"_monsterinsights_sitenote_active":false,"_monsterinsights_sitenote_note":"","_monsterinsights_sitenote_category":0},"product_brand":[],"product_cat":[71],"product_tag":[],"class_list":{"0":"post-5294","1":"product","2":"type-product","3":"status-publish","4":"has-post-thumbnail","6":"product_cat-light-beers","8":"first","9":"instock","10":"shipping-taxable","11":"product-type-simple"},"_links":{"self":[{"href":"https:\/\/www.patermarcus.hu\/en\/wp-json\/wp\/v2\/product\/5294","targetHints":{"allow":["GET"]}}],"collection":[{"href":"https:\/\/www.patermarcus.hu\/en\/wp-json\/wp\/v2\/product"}],"about":[{"href":"https:\/\/www.patermarcus.hu\/en\/wp-json\/wp\/v2\/types\/product"}],"replies":[{"embeddable":true,"href":"https:\/\/www.patermarcus.hu\/en\/wp-json\/wp\/v2\/comments?post=5294"}],"wp:featuredmedia":[{"embeddable":true,"href":"https:\/\/www.patermarcus.hu\/en\/wp-json\/wp\/v2\/media\/4854"}],"wp:attachment":[{"href":"https:\/\/www.patermarcus.hu\/en\/wp-json\/wp\/v2\/media?parent=5294"}],"wp:term":[{"taxonomy":"product_brand","embeddable":true,"href":"https:\/\/www.patermarcus.hu\/en\/wp-json\/wp\/v2\/product_brand?post=5294"},{"taxonomy":"product_cat","embeddable":true,"href":"https:\/\/www.patermarcus.hu\/en\/wp-json\/wp\/v2\/product_cat?post=5294"},{"taxonomy":"product_tag","embeddable":true,"href":"https:\/\/www.patermarcus.hu\/en\/wp-json\/wp\/v2\/product_tag?post=5294"}],"curies":[{"name":"wp","href":"https:\/\/api.w.org\/{rel}","templated":true}]}}