{"id":5291,"date":"2021-05-01T22:01:11","date_gmt":"2021-05-01T22:01:11","guid":{"rendered":"https:\/\/www.patermarcus.hu\/?post_type=product&#038;p=5291"},"modified":"2026-02-21T09:21:38","modified_gmt":"2026-02-21T09:21:38","slug":"duvel","status":"publish","type":"product","link":"https:\/\/www.patermarcus.hu\/en\/termek\/duvel\/","title":{"rendered":"Duvel"},"content":{"rendered":"<h3><em>8,55 er\u0151s aranysz\u00edn\u0171 ale<\/em><\/h3>\n<p>Duvel-Moortgat S\u00f6rf\u0151zde (1871), Antwerpen<\/p>\n<p>Its name suggests that this beer is devilishly good! It&#8217;s a straw-yellow to golden beer with a long-lasting, sturdy head. The scent combines pure hops with apples and a touch of perversity. Despite its high alcohol content, it smoothly and elegantly blends with the rounded bitterness. Its complex aftertaste is long-lasting and somewhat reminiscent of Williams pear. A grand, full-bodied beer.<\/p>\n<p>0,33 l\u00a0\u00a0 2.400.- Ft<\/p>\n","protected":false},"excerpt":{"rendered":"<p>8,55 er\u0151s aranysz\u00edn\u0171 ale Duvel-Moortgat S\u00f6rf\u0151zde (1871), Antwerpen Its name suggests that this beer is devilishly good! It&#8217;s a straw-yellow to golden beer with a long-lasting, sturdy head. The scent combines pure hops with apples and a touch of perversity. Despite its high alcohol content, it smoothly and elegantly blends with the rounded bitterness. Its [&hellip;]<\/p>\n","protected":false},"featured_media":4857,"comment_status":"closed","ping_status":"closed","template":"","meta":{"_monsterinsights_skip_tracking":false,"_monsterinsights_sitenote_active":false,"_monsterinsights_sitenote_note":"","_monsterinsights_sitenote_category":0},"product_brand":[],"product_cat":[71],"product_tag":[],"class_list":{"0":"post-5291","1":"product","2":"type-product","3":"status-publish","4":"has-post-thumbnail","6":"product_cat-light-beers","8":"first","9":"instock","10":"shipping-taxable","11":"product-type-simple"},"_links":{"self":[{"href":"https:\/\/www.patermarcus.hu\/en\/wp-json\/wp\/v2\/product\/5291","targetHints":{"allow":["GET"]}}],"collection":[{"href":"https:\/\/www.patermarcus.hu\/en\/wp-json\/wp\/v2\/product"}],"about":[{"href":"https:\/\/www.patermarcus.hu\/en\/wp-json\/wp\/v2\/types\/product"}],"replies":[{"embeddable":true,"href":"https:\/\/www.patermarcus.hu\/en\/wp-json\/wp\/v2\/comments?post=5291"}],"wp:featuredmedia":[{"embeddable":true,"href":"https:\/\/www.patermarcus.hu\/en\/wp-json\/wp\/v2\/media\/4857"}],"wp:attachment":[{"href":"https:\/\/www.patermarcus.hu\/en\/wp-json\/wp\/v2\/media?parent=5291"}],"wp:term":[{"taxonomy":"product_brand","embeddable":true,"href":"https:\/\/www.patermarcus.hu\/en\/wp-json\/wp\/v2\/product_brand?post=5291"},{"taxonomy":"product_cat","embeddable":true,"href":"https:\/\/www.patermarcus.hu\/en\/wp-json\/wp\/v2\/product_cat?post=5291"},{"taxonomy":"product_tag","embeddable":true,"href":"https:\/\/www.patermarcus.hu\/en\/wp-json\/wp\/v2\/product_tag?post=5291"}],"curies":[{"name":"wp","href":"https:\/\/api.w.org\/{rel}","templated":true}]}}