{"id":5282,"date":"2023-04-02T06:21:08","date_gmt":"2023-04-02T06:21:08","guid":{"rendered":"https:\/\/www.patermarcus.hu\/?post_type=product&#038;p=5282"},"modified":"2026-02-21T09:57:20","modified_gmt":"2026-02-21T09:57:20","slug":"duvel-6-66","status":"publish","type":"product","link":"https:\/\/www.patermarcus.hu\/en\/termek\/duvel-6-66\/","title":{"rendered":"Duvel 6.66"},"content":{"rendered":"<h3><em>6,66 vil\u00e1gos ale<\/em><\/h3>\n<p>Duvel-Moortgat S\u00f6rf\u0151zde (1871), Antwerpen<\/p>\n<p>Duvel 6.66 was created to celebrate the 150th anniversary of the Duvel-Moortgat brewery. Surprisingly low in alcohol content compared to its predecessors, yet it boasts a full-bodied taste. It&#8217;s a Belgian &#8220;blond&#8221; that combines traditional Belgian characteristics with the qualities of modern craft beers. Brewed and cold-hopped with no less than 6 different hops, including the Saaz and Styrian Golding varieties that provide the original Duvel and Tripel Hop&#8217;s classic base flavors. Despite its devilish name, the golden label is uplifting, and tasting it offers a heavenly experience: well-balanced, fruity bitterness thanks to the hops and added orange peel, creating a smooth and pleasant drink. Bold, innovative, and sophisticated!<\/p>\n<p>0,33 l\u00a0\u00a0 2.550.- Ft<\/p>\n","protected":false},"excerpt":{"rendered":"<p>6,66 vil\u00e1gos ale Duvel-Moortgat S\u00f6rf\u0151zde (1871), Antwerpen Duvel 6.66 was created to celebrate the 150th anniversary of the Duvel-Moortgat brewery. Surprisingly low in alcohol content compared to its predecessors, yet it boasts a full-bodied taste. It&#8217;s a Belgian &#8220;blond&#8221; that combines traditional Belgian characteristics with the qualities of modern craft beers. Brewed and cold-hopped with [&hellip;]<\/p>\n","protected":false},"featured_media":5100,"comment_status":"closed","ping_status":"closed","template":"","meta":{"_monsterinsights_skip_tracking":false,"_monsterinsights_sitenote_active":false,"_monsterinsights_sitenote_note":"","_monsterinsights_sitenote_category":0},"product_brand":[],"product_cat":[71],"product_tag":[],"class_list":{"0":"post-5282","1":"product","2":"type-product","3":"status-publish","4":"has-post-thumbnail","6":"product_cat-light-beers","8":"first","9":"instock","10":"shipping-taxable","11":"product-type-simple"},"_links":{"self":[{"href":"https:\/\/www.patermarcus.hu\/en\/wp-json\/wp\/v2\/product\/5282","targetHints":{"allow":["GET"]}}],"collection":[{"href":"https:\/\/www.patermarcus.hu\/en\/wp-json\/wp\/v2\/product"}],"about":[{"href":"https:\/\/www.patermarcus.hu\/en\/wp-json\/wp\/v2\/types\/product"}],"replies":[{"embeddable":true,"href":"https:\/\/www.patermarcus.hu\/en\/wp-json\/wp\/v2\/comments?post=5282"}],"wp:featuredmedia":[{"embeddable":true,"href":"https:\/\/www.patermarcus.hu\/en\/wp-json\/wp\/v2\/media\/5100"}],"wp:attachment":[{"href":"https:\/\/www.patermarcus.hu\/en\/wp-json\/wp\/v2\/media?parent=5282"}],"wp:term":[{"taxonomy":"product_brand","embeddable":true,"href":"https:\/\/www.patermarcus.hu\/en\/wp-json\/wp\/v2\/product_brand?post=5282"},{"taxonomy":"product_cat","embeddable":true,"href":"https:\/\/www.patermarcus.hu\/en\/wp-json\/wp\/v2\/product_cat?post=5282"},{"taxonomy":"product_tag","embeddable":true,"href":"https:\/\/www.patermarcus.hu\/en\/wp-json\/wp\/v2\/product_tag?post=5282"}],"curies":[{"name":"wp","href":"https:\/\/api.w.org\/{rel}","templated":true}]}}