{"id":5280,"date":"2021-05-02T15:28:13","date_gmt":"2021-05-02T15:28:13","guid":{"rendered":"https:\/\/www.patermarcus.hu\/?post_type=product&#038;p=5280"},"modified":"2026-02-21T11:11:31","modified_gmt":"2026-02-21T11:11:31","slug":"westmalle-dubbel","status":"publish","type":"product","link":"https:\/\/www.patermarcus.hu\/en\/termek\/westmalle-dubbel\/","title":{"rendered":"Westmalle Dubbel"},"content":{"rendered":"<h3><em>7% Trappista barna dubbel<\/em><\/h3>\n<p>Abdij de Trappisten van Westmalle (1794) s\u00f6rf\u0151zd\u00e9je (1836)<\/p>\n<p>Its color is dark brown. After pouring, a crown-like, thick, hard, creamy foam appears on top of the glass. The initially subtle aroma develops suddenly upon contact with air, featuring roasted coffee, cocoa, and chocolate. The characteristic roasted malt sweetness of this beer is present throughout the sip but never overpowering. After swallowing, the legendary &#8220;chocolate flavor&#8221; of the beer emerges in the background, revealing the hidden fine bitterness of the hops.<\/p>\n<p>0,33 l\u00a0\u00a0 2.200.- Ft<\/p>\n","protected":false},"excerpt":{"rendered":"<p>7% Trappista barna dubbel Abdij de Trappisten van Westmalle (1794) s\u00f6rf\u0151zd\u00e9je (1836) Its color is dark brown. After pouring, a crown-like, thick, hard, creamy foam appears on top of the glass. The initially subtle aroma develops suddenly upon contact with air, featuring roasted coffee, cocoa, and chocolate. The characteristic roasted malt sweetness of this beer [&hellip;]<\/p>\n","protected":false},"featured_media":4966,"comment_status":"closed","ping_status":"closed","template":"","meta":{"_monsterinsights_skip_tracking":false,"_monsterinsights_sitenote_active":false,"_monsterinsights_sitenote_note":"","_monsterinsights_sitenote_category":0},"product_brand":[],"product_cat":[72],"product_tag":[],"class_list":{"0":"post-5280","1":"product","2":"type-product","3":"status-publish","4":"has-post-thumbnail","6":"product_cat-trappist-beers","8":"first","9":"instock","10":"shipping-taxable","11":"product-type-simple"},"_links":{"self":[{"href":"https:\/\/www.patermarcus.hu\/en\/wp-json\/wp\/v2\/product\/5280","targetHints":{"allow":["GET"]}}],"collection":[{"href":"https:\/\/www.patermarcus.hu\/en\/wp-json\/wp\/v2\/product"}],"about":[{"href":"https:\/\/www.patermarcus.hu\/en\/wp-json\/wp\/v2\/types\/product"}],"replies":[{"embeddable":true,"href":"https:\/\/www.patermarcus.hu\/en\/wp-json\/wp\/v2\/comments?post=5280"}],"wp:featuredmedia":[{"embeddable":true,"href":"https:\/\/www.patermarcus.hu\/en\/wp-json\/wp\/v2\/media\/4966"}],"wp:attachment":[{"href":"https:\/\/www.patermarcus.hu\/en\/wp-json\/wp\/v2\/media?parent=5280"}],"wp:term":[{"taxonomy":"product_brand","embeddable":true,"href":"https:\/\/www.patermarcus.hu\/en\/wp-json\/wp\/v2\/product_brand?post=5280"},{"taxonomy":"product_cat","embeddable":true,"href":"https:\/\/www.patermarcus.hu\/en\/wp-json\/wp\/v2\/product_cat?post=5280"},{"taxonomy":"product_tag","embeddable":true,"href":"https:\/\/www.patermarcus.hu\/en\/wp-json\/wp\/v2\/product_tag?post=5280"}],"curies":[{"name":"wp","href":"https:\/\/api.w.org\/{rel}","templated":true}]}}