{"id":5279,"date":"2021-05-02T15:29:33","date_gmt":"2021-05-02T15:29:33","guid":{"rendered":"https:\/\/www.patermarcus.hu\/?post_type=product&#038;p=5279"},"modified":"2026-02-21T11:11:25","modified_gmt":"2026-02-21T11:11:25","slug":"westmalle-tripel","status":"publish","type":"product","link":"https:\/\/www.patermarcus.hu\/en\/termek\/westmalle-tripel\/","title":{"rendered":"Westmalle Tripel"},"content":{"rendered":"<h3><em>9,5% Trappista vil\u00e1gos tripel<\/em><\/h3>\n<p>Abdij de Trappisten van Westmalle (1794) s\u00f6rf\u0151zd\u00e9je (1836)<\/p>\n<p>Deep straw-yellow color, its lasting foam promises a great beer experience. From its aroma, beside the buttery-honey base, herbs, dried sage, orange peel, and candied apple emerge. Despite its massive body, it doesn&#8217;t feel cumbersome or heavy. Quite the opposite\u2014it&#8217;s balanced. Behind its creamy texture, the flavors of three different hops\u2014Czech, German, English\u2014meld into a unified harmony. It bids farewell with a long, smooth, honeyed aftertaste. Consume at room temperature.<\/p>\n<p>0,33 l\u00a0\u00a0 2.750.- Ft<\/p>\n","protected":false},"excerpt":{"rendered":"<p>9,5% Trappista vil\u00e1gos tripel Abdij de Trappisten van Westmalle (1794) s\u00f6rf\u0151zd\u00e9je (1836) Deep straw-yellow color, its lasting foam promises a great beer experience. From its aroma, beside the buttery-honey base, herbs, dried sage, orange peel, and candied apple emerge. Despite its massive body, it doesn&#8217;t feel cumbersome or heavy. Quite the opposite\u2014it&#8217;s balanced. Behind its [&hellip;]<\/p>\n","protected":false},"featured_media":4967,"comment_status":"closed","ping_status":"closed","template":"","meta":{"_monsterinsights_skip_tracking":false,"_monsterinsights_sitenote_active":false,"_monsterinsights_sitenote_note":"","_monsterinsights_sitenote_category":0},"product_brand":[],"product_cat":[72],"product_tag":[],"class_list":{"0":"post-5279","1":"product","2":"type-product","3":"status-publish","4":"has-post-thumbnail","6":"product_cat-trappist-beers","8":"first","9":"instock","10":"shipping-taxable","11":"product-type-simple"},"_links":{"self":[{"href":"https:\/\/www.patermarcus.hu\/en\/wp-json\/wp\/v2\/product\/5279","targetHints":{"allow":["GET"]}}],"collection":[{"href":"https:\/\/www.patermarcus.hu\/en\/wp-json\/wp\/v2\/product"}],"about":[{"href":"https:\/\/www.patermarcus.hu\/en\/wp-json\/wp\/v2\/types\/product"}],"replies":[{"embeddable":true,"href":"https:\/\/www.patermarcus.hu\/en\/wp-json\/wp\/v2\/comments?post=5279"}],"wp:featuredmedia":[{"embeddable":true,"href":"https:\/\/www.patermarcus.hu\/en\/wp-json\/wp\/v2\/media\/4967"}],"wp:attachment":[{"href":"https:\/\/www.patermarcus.hu\/en\/wp-json\/wp\/v2\/media?parent=5279"}],"wp:term":[{"taxonomy":"product_brand","embeddable":true,"href":"https:\/\/www.patermarcus.hu\/en\/wp-json\/wp\/v2\/product_brand?post=5279"},{"taxonomy":"product_cat","embeddable":true,"href":"https:\/\/www.patermarcus.hu\/en\/wp-json\/wp\/v2\/product_cat?post=5279"},{"taxonomy":"product_tag","embeddable":true,"href":"https:\/\/www.patermarcus.hu\/en\/wp-json\/wp\/v2\/product_tag?post=5279"}],"curies":[{"name":"wp","href":"https:\/\/api.w.org\/{rel}","templated":true}]}}