{"id":5278,"date":"2021-05-02T15:10:26","date_gmt":"2021-05-02T15:10:26","guid":{"rendered":"https:\/\/www.patermarcus.hu\/?post_type=product&#038;p=5278"},"modified":"2026-02-21T11:11:04","modified_gmt":"2026-02-21T11:11:04","slug":"trapistes-rochefort-10","status":"publish","type":"product","link":"https:\/\/www.patermarcus.hu\/en\/termek\/trapistes-rochefort-10\/","title":{"rendered":"Trapistes Rochefort 10"},"content":{"rendered":"<h3><em>11,3% Trappista barna ale<\/em><\/h3>\n<p>Abbaye Notre Dame de St. R\u00e9my (1230) s\u00f6rf\u0151zd\u00e9je (1889)<\/p>\n<p>Dark chestnut-brown, a slowly flowing, viscous, dense drink. When held up to the light, copper-red reflexes glimmer. Its aroma truly unfolds only after a few minutes of airing: roasted coffee, banana, pear dance with pepper and the scent of tropical fruits. Its taste is dominated by rum-soaked nuts, mingled with a pleasantly tangy coffee flavor, and upon swallowing, the aromas of bitter chocolate appear on the palate. A very complex, intricate beer, not your everyday drink.<\/p>\n<p>0,33 l\u00a0\u00a0 3.900.- Ft<\/p>\n","protected":false},"excerpt":{"rendered":"<p>11,3% Trappista barna ale Abbaye Notre Dame de St. R\u00e9my (1230) s\u00f6rf\u0151zd\u00e9je (1889) Dark chestnut-brown, a slowly flowing, viscous, dense drink. When held up to the light, copper-red reflexes glimmer. Its aroma truly unfolds only after a few minutes of airing: roasted coffee, banana, pear dance with pepper and the scent of tropical fruits. Its [&hellip;]<\/p>\n","protected":false},"featured_media":4953,"comment_status":"closed","ping_status":"closed","template":"","meta":{"_monsterinsights_skip_tracking":false,"_monsterinsights_sitenote_active":false,"_monsterinsights_sitenote_note":"","_monsterinsights_sitenote_category":0},"product_brand":[],"product_cat":[72],"product_tag":[],"class_list":{"0":"post-5278","1":"product","2":"type-product","3":"status-publish","4":"has-post-thumbnail","6":"product_cat-trappist-beers","8":"first","9":"instock","10":"shipping-taxable","11":"product-type-simple"},"_links":{"self":[{"href":"https:\/\/www.patermarcus.hu\/en\/wp-json\/wp\/v2\/product\/5278","targetHints":{"allow":["GET"]}}],"collection":[{"href":"https:\/\/www.patermarcus.hu\/en\/wp-json\/wp\/v2\/product"}],"about":[{"href":"https:\/\/www.patermarcus.hu\/en\/wp-json\/wp\/v2\/types\/product"}],"replies":[{"embeddable":true,"href":"https:\/\/www.patermarcus.hu\/en\/wp-json\/wp\/v2\/comments?post=5278"}],"wp:featuredmedia":[{"embeddable":true,"href":"https:\/\/www.patermarcus.hu\/en\/wp-json\/wp\/v2\/media\/4953"}],"wp:attachment":[{"href":"https:\/\/www.patermarcus.hu\/en\/wp-json\/wp\/v2\/media?parent=5278"}],"wp:term":[{"taxonomy":"product_brand","embeddable":true,"href":"https:\/\/www.patermarcus.hu\/en\/wp-json\/wp\/v2\/product_brand?post=5278"},{"taxonomy":"product_cat","embeddable":true,"href":"https:\/\/www.patermarcus.hu\/en\/wp-json\/wp\/v2\/product_cat?post=5278"},{"taxonomy":"product_tag","embeddable":true,"href":"https:\/\/www.patermarcus.hu\/en\/wp-json\/wp\/v2\/product_tag?post=5278"}],"curies":[{"name":"wp","href":"https:\/\/api.w.org\/{rel}","templated":true}]}}