{"id":5277,"date":"2023-04-02T08:05:55","date_gmt":"2023-04-02T08:05:55","guid":{"rendered":"https:\/\/www.patermarcus.hu\/?post_type=product&#038;p=5277"},"modified":"2026-02-21T11:11:15","modified_gmt":"2026-02-21T11:11:15","slug":"trappistes-rochefort-tripel-extra","status":"publish","type":"product","link":"https:\/\/www.patermarcus.hu\/en\/termek\/trappistes-rochefort-tripel-extra\/","title":{"rendered":"Trappistes Rochefort Tripel Extra"},"content":{"rendered":"<h3><em>8,1% Trappista tripel<\/em><\/h3>\n<p>Abbaye Notre Dame de St. R\u00e9my (1230) s\u00f6rf\u0151zd\u00e9je (1889)<\/p>\n<p>A reimagined version of the original classic from the Notre Dame de St. R\u00e9my abbey. Decades before the famous Trappistes Rochefort 6-8-10 appeared, the monks brewed only one extra-strong pale ale, but this beer was forgotten with the arrival of &#8220;innovations.&#8221; A century later, the monks felt it was time to create the first edition of their original recipe! Soft yet full-bodied, like other Rochefort beers, but the Triple Extra stands out among its companions with its golden-blond color, citrus notes, spicy aroma, and refreshing effect.<\/p>\n<p>0,33 l\u00a0\u00a0 2.950.- Ft<\/p>\n","protected":false},"excerpt":{"rendered":"<p>8,1% Trappista tripel Abbaye Notre Dame de St. R\u00e9my (1230) s\u00f6rf\u0151zd\u00e9je (1889) A reimagined version of the original classic from the Notre Dame de St. R\u00e9my abbey. Decades before the famous Trappistes Rochefort 6-8-10 appeared, the monks brewed only one extra-strong pale ale, but this beer was forgotten with the arrival of &#8220;innovations.&#8221; A century [&hellip;]<\/p>\n","protected":false},"featured_media":5127,"comment_status":"closed","ping_status":"closed","template":"","meta":{"_monsterinsights_skip_tracking":false,"_monsterinsights_sitenote_active":false,"_monsterinsights_sitenote_note":"","_monsterinsights_sitenote_category":0},"product_brand":[],"product_cat":[72],"product_tag":[],"class_list":{"0":"post-5277","1":"product","2":"type-product","3":"status-publish","4":"has-post-thumbnail","6":"product_cat-trappist-beers","8":"first","9":"instock","10":"shipping-taxable","11":"product-type-simple"},"_links":{"self":[{"href":"https:\/\/www.patermarcus.hu\/en\/wp-json\/wp\/v2\/product\/5277","targetHints":{"allow":["GET"]}}],"collection":[{"href":"https:\/\/www.patermarcus.hu\/en\/wp-json\/wp\/v2\/product"}],"about":[{"href":"https:\/\/www.patermarcus.hu\/en\/wp-json\/wp\/v2\/types\/product"}],"replies":[{"embeddable":true,"href":"https:\/\/www.patermarcus.hu\/en\/wp-json\/wp\/v2\/comments?post=5277"}],"wp:featuredmedia":[{"embeddable":true,"href":"https:\/\/www.patermarcus.hu\/en\/wp-json\/wp\/v2\/media\/5127"}],"wp:attachment":[{"href":"https:\/\/www.patermarcus.hu\/en\/wp-json\/wp\/v2\/media?parent=5277"}],"wp:term":[{"taxonomy":"product_brand","embeddable":true,"href":"https:\/\/www.patermarcus.hu\/en\/wp-json\/wp\/v2\/product_brand?post=5277"},{"taxonomy":"product_cat","embeddable":true,"href":"https:\/\/www.patermarcus.hu\/en\/wp-json\/wp\/v2\/product_cat?post=5277"},{"taxonomy":"product_tag","embeddable":true,"href":"https:\/\/www.patermarcus.hu\/en\/wp-json\/wp\/v2\/product_tag?post=5277"}],"curies":[{"name":"wp","href":"https:\/\/api.w.org\/{rel}","templated":true}]}}