{"id":5275,"date":"2021-05-02T15:08:53","date_gmt":"2021-05-02T15:08:53","guid":{"rendered":"https:\/\/www.patermarcus.hu\/?post_type=product&#038;p=5275"},"modified":"2025-02-01T13:05:16","modified_gmt":"2025-02-01T13:05:16","slug":"trapistes-rochefort-6","status":"publish","type":"product","link":"https:\/\/www.patermarcus.hu\/en\/termek\/trapistes-rochefort-6\/","title":{"rendered":"Trapistes Rochefort 6"},"content":{"rendered":"<h3><em>7,5% Trappista barna ale<\/em><\/h3>\n<p>Abbaye Notre Dame de St. R\u00e9my (1230) s\u00f6rf\u0151zd\u00e9je (1889)<\/p>\n<p>The dark amber-hued beverage teases our noses with spicy, caramel, and coffee aromas. It has a medium to slightly larger body, characterized by a soft flavor profile where malt sugar plays a defining role. However, the beer doesn&#8217;t come across as overly sweet. When swallowed, a tannic taste reminiscent of red wine\u2014and even strong tea\u2014emerges, gently tightening the mouth. This was the everyday drink in the Rochefort monastery.<\/p>\n<p>0,33 l\u00a0 2.500.- Ft<\/p>\n","protected":false},"excerpt":{"rendered":"<p>7,5% Trappista barna ale Abbaye Notre Dame de St. R\u00e9my (1230) s\u00f6rf\u0151zd\u00e9je (1889) The dark amber-hued beverage teases our noses with spicy, caramel, and coffee aromas. It has a medium to slightly larger body, characterized by a soft flavor profile where malt sugar plays a defining role. However, the beer doesn&#8217;t come across as overly [&hellip;]<\/p>\n","protected":false},"featured_media":4952,"comment_status":"closed","ping_status":"closed","template":"","meta":{"_monsterinsights_skip_tracking":false,"_monsterinsights_sitenote_active":false,"_monsterinsights_sitenote_note":"","_monsterinsights_sitenote_category":0},"product_brand":[],"product_cat":[72],"product_tag":[],"class_list":{"0":"post-5275","1":"product","2":"type-product","3":"status-publish","4":"has-post-thumbnail","6":"product_cat-trappist-beers","8":"first","9":"instock","10":"shipping-taxable","11":"product-type-simple"},"_links":{"self":[{"href":"https:\/\/www.patermarcus.hu\/en\/wp-json\/wp\/v2\/product\/5275","targetHints":{"allow":["GET"]}}],"collection":[{"href":"https:\/\/www.patermarcus.hu\/en\/wp-json\/wp\/v2\/product"}],"about":[{"href":"https:\/\/www.patermarcus.hu\/en\/wp-json\/wp\/v2\/types\/product"}],"replies":[{"embeddable":true,"href":"https:\/\/www.patermarcus.hu\/en\/wp-json\/wp\/v2\/comments?post=5275"}],"wp:featuredmedia":[{"embeddable":true,"href":"https:\/\/www.patermarcus.hu\/en\/wp-json\/wp\/v2\/media\/4952"}],"wp:attachment":[{"href":"https:\/\/www.patermarcus.hu\/en\/wp-json\/wp\/v2\/media?parent=5275"}],"wp:term":[{"taxonomy":"product_brand","embeddable":true,"href":"https:\/\/www.patermarcus.hu\/en\/wp-json\/wp\/v2\/product_brand?post=5275"},{"taxonomy":"product_cat","embeddable":true,"href":"https:\/\/www.patermarcus.hu\/en\/wp-json\/wp\/v2\/product_cat?post=5275"},{"taxonomy":"product_tag","embeddable":true,"href":"https:\/\/www.patermarcus.hu\/en\/wp-json\/wp\/v2\/product_tag?post=5275"}],"curies":[{"name":"wp","href":"https:\/\/api.w.org\/{rel}","templated":true}]}}