{"id":5274,"date":"2023-04-02T08:07:29","date_gmt":"2023-04-02T08:07:29","guid":{"rendered":"https:\/\/www.patermarcus.hu\/?post_type=product&#038;p=5274"},"modified":"2026-02-21T11:11:50","modified_gmt":"2026-02-21T11:11:50","slug":"westmalle-extra","status":"publish","type":"product","link":"https:\/\/www.patermarcus.hu\/en\/termek\/westmalle-extra\/","title":{"rendered":"Westmalle Extra"},"content":{"rendered":"<h3><em>4,8% Trappista vil\u00e1gos ale<\/em><\/h3>\n<p>Abdij de Trappisten van Westmalle (1794) s\u00f6rf\u0151zd\u00e9je (1836)<\/p>\n<p>The Westmalle Extra is the newest product from the Trappist monastery. It has a straw-yellow color, crowned with a medium-sized, snow-white foam. Its aroma combines malt sweetness with spicy notes. The taste begins with a malt sweetness that gradually turns dry towards the end of the sip, accompanied by hints of spice and grassy flavors. It has a moderate body and a gentle carbonation. It is an excellent table beer and it&#8217;s no coincidence that it is the daily drink of the monks.<\/p>\n<p>0,33 l\u00a0\u00a0 2.200.- Ft<\/p>\n","protected":false},"excerpt":{"rendered":"<p>4,8% Trappista vil\u00e1gos ale Abdij de Trappisten van Westmalle (1794) s\u00f6rf\u0151zd\u00e9je (1836) The Westmalle Extra is the newest product from the Trappist monastery. It has a straw-yellow color, crowned with a medium-sized, snow-white foam. Its aroma combines malt sweetness with spicy notes. The taste begins with a malt sweetness that gradually turns dry towards the [&hellip;]<\/p>\n","protected":false},"featured_media":5128,"comment_status":"closed","ping_status":"closed","template":"","meta":{"_monsterinsights_skip_tracking":false,"_monsterinsights_sitenote_active":false,"_monsterinsights_sitenote_note":"","_monsterinsights_sitenote_category":0},"product_brand":[],"product_cat":[72],"product_tag":[],"class_list":{"0":"post-5274","1":"product","2":"type-product","3":"status-publish","4":"has-post-thumbnail","6":"product_cat-trappist-beers","8":"first","9":"instock","10":"shipping-taxable","11":"product-type-simple"},"_links":{"self":[{"href":"https:\/\/www.patermarcus.hu\/en\/wp-json\/wp\/v2\/product\/5274","targetHints":{"allow":["GET"]}}],"collection":[{"href":"https:\/\/www.patermarcus.hu\/en\/wp-json\/wp\/v2\/product"}],"about":[{"href":"https:\/\/www.patermarcus.hu\/en\/wp-json\/wp\/v2\/types\/product"}],"replies":[{"embeddable":true,"href":"https:\/\/www.patermarcus.hu\/en\/wp-json\/wp\/v2\/comments?post=5274"}],"wp:featuredmedia":[{"embeddable":true,"href":"https:\/\/www.patermarcus.hu\/en\/wp-json\/wp\/v2\/media\/5128"}],"wp:attachment":[{"href":"https:\/\/www.patermarcus.hu\/en\/wp-json\/wp\/v2\/media?parent=5274"}],"wp:term":[{"taxonomy":"product_brand","embeddable":true,"href":"https:\/\/www.patermarcus.hu\/en\/wp-json\/wp\/v2\/product_brand?post=5274"},{"taxonomy":"product_cat","embeddable":true,"href":"https:\/\/www.patermarcus.hu\/en\/wp-json\/wp\/v2\/product_cat?post=5274"},{"taxonomy":"product_tag","embeddable":true,"href":"https:\/\/www.patermarcus.hu\/en\/wp-json\/wp\/v2\/product_tag?post=5274"}],"curies":[{"name":"wp","href":"https:\/\/api.w.org\/{rel}","templated":true}]}}