{"id":5264,"date":"2021-05-02T15:24:02","date_gmt":"2021-05-02T15:24:02","guid":{"rendered":"https:\/\/www.patermarcus.hu\/?post_type=product&#038;p=5264"},"modified":"2026-02-21T11:12:04","modified_gmt":"2026-02-21T11:12:04","slug":"chimay-rouge","status":"publish","type":"product","link":"https:\/\/www.patermarcus.hu\/en\/termek\/chimay-rouge\/","title":{"rendered":"Chimay Rouge"},"content":{"rendered":"<h3><em>7% Trappista barna ale<\/em><\/h3>\n<p>Abbaye Notre-Dame de Scourmont (1850) s\u00f6rf\u0151zd\u00e9je (1862)<\/p>\n<p>It has a moderately long-lasting, creamy foam. The color is hazy, deep amber with garnet-like highlights. The aroma is malty and reminiscent of rum-soaked plums. It has a creamy texture and a primarily acidic flavor profile, with a full body. The bitterness from the hops and a significant amount of alcohol are only subtly present in the background. The complex aftertaste has a well-structured progression: first, a hint of roasted aromas, followed by notes of dark bread, then a frothy, carbonated sensation, and finally a long, smooth, slightly peppery bitterness.<\/p>\n<p>0,33 l\u00a0 \u00a03.000.- Ft<\/p>\n","protected":false},"excerpt":{"rendered":"<p>7% Trappista barna ale Abbaye Notre-Dame de Scourmont (1850) s\u00f6rf\u0151zd\u00e9je (1862) It has a moderately long-lasting, creamy foam. The color is hazy, deep amber with garnet-like highlights. The aroma is malty and reminiscent of rum-soaked plums. It has a creamy texture and a primarily acidic flavor profile, with a full body. The bitterness from the [&hellip;]<\/p>\n","protected":false},"featured_media":4963,"comment_status":"closed","ping_status":"closed","template":"","meta":{"_monsterinsights_skip_tracking":false,"_monsterinsights_sitenote_active":false,"_monsterinsights_sitenote_note":"","_monsterinsights_sitenote_category":0},"product_brand":[],"product_cat":[72],"product_tag":[],"class_list":{"0":"post-5264","1":"product","2":"type-product","3":"status-publish","4":"has-post-thumbnail","6":"product_cat-trappist-beers","8":"first","9":"instock","10":"shipping-taxable","11":"product-type-simple"},"_links":{"self":[{"href":"https:\/\/www.patermarcus.hu\/en\/wp-json\/wp\/v2\/product\/5264","targetHints":{"allow":["GET"]}}],"collection":[{"href":"https:\/\/www.patermarcus.hu\/en\/wp-json\/wp\/v2\/product"}],"about":[{"href":"https:\/\/www.patermarcus.hu\/en\/wp-json\/wp\/v2\/types\/product"}],"replies":[{"embeddable":true,"href":"https:\/\/www.patermarcus.hu\/en\/wp-json\/wp\/v2\/comments?post=5264"}],"wp:featuredmedia":[{"embeddable":true,"href":"https:\/\/www.patermarcus.hu\/en\/wp-json\/wp\/v2\/media\/4963"}],"wp:attachment":[{"href":"https:\/\/www.patermarcus.hu\/en\/wp-json\/wp\/v2\/media?parent=5264"}],"wp:term":[{"taxonomy":"product_brand","embeddable":true,"href":"https:\/\/www.patermarcus.hu\/en\/wp-json\/wp\/v2\/product_brand?post=5264"},{"taxonomy":"product_cat","embeddable":true,"href":"https:\/\/www.patermarcus.hu\/en\/wp-json\/wp\/v2\/product_cat?post=5264"},{"taxonomy":"product_tag","embeddable":true,"href":"https:\/\/www.patermarcus.hu\/en\/wp-json\/wp\/v2\/product_tag?post=5264"}],"curies":[{"name":"wp","href":"https:\/\/api.w.org\/{rel}","templated":true}]}}