{"id":5262,"date":"2021-05-02T11:22:37","date_gmt":"2021-05-02T11:22:37","guid":{"rendered":"https:\/\/www.patermarcus.hu\/?post_type=product&#038;p=5262"},"modified":"2026-02-21T10:58:34","modified_gmt":"2026-02-21T10:58:34","slug":"st-bernardus-wit","status":"publish","type":"product","link":"https:\/\/www.patermarcus.hu\/en\/termek\/st-bernardus-wit\/","title":{"rendered":"St. Bernardus Wit"},"content":{"rendered":"<h3><em>5,5% belga b\u00fazas\u00f6r<\/em><\/h3>\n<p><a href=\"http:\/\/patermarcus.mintaka.alfanet.hu\/rolunk\/sorfozdek\/st-bernard-sorfozde-1946-watou\/\">St. Bernard S\u00f6rf\u0151zde (1946), Watou<\/a><\/p>\n<p>A true unfiltered Belgian beer with the characteristic pale yellow color and a hazy, dense appearance from the yeast. Fruity and spicy, it exhibits the typical yeasty-grainy flavor profile of wheat beer, with dominant notes of orange and coriander accompanied by honey-like sweetness. The sip concludes with a hint of apple tartness and discreet bitterness. It&#8217;s feather-light and incredibly fresh!<\/p>\n<p>0,33 l\u00a0\u00a0 2.100.- Ft<\/p>\n","protected":false},"excerpt":{"rendered":"<p>5,5% belga b\u00fazas\u00f6r St. Bernard S\u00f6rf\u0151zde (1946), Watou A true unfiltered Belgian beer with the characteristic pale yellow color and a hazy, dense appearance from the yeast. Fruity and spicy, it exhibits the typical yeasty-grainy flavor profile of wheat beer, with dominant notes of orange and coriander accompanied by honey-like sweetness. The sip concludes with [&hellip;]<\/p>\n","protected":false},"featured_media":4887,"comment_status":"closed","ping_status":"closed","template":"","meta":{"_monsterinsights_skip_tracking":false,"_monsterinsights_sitenote_active":false,"_monsterinsights_sitenote_note":"","_monsterinsights_sitenote_category":0},"product_brand":[],"product_cat":[70],"product_tag":[],"class_list":{"0":"post-5262","1":"product","2":"type-product","3":"status-publish","4":"has-post-thumbnail","6":"product_cat-wheat-beers","8":"first","9":"instock","10":"shipping-taxable","11":"product-type-simple"},"_links":{"self":[{"href":"https:\/\/www.patermarcus.hu\/en\/wp-json\/wp\/v2\/product\/5262","targetHints":{"allow":["GET"]}}],"collection":[{"href":"https:\/\/www.patermarcus.hu\/en\/wp-json\/wp\/v2\/product"}],"about":[{"href":"https:\/\/www.patermarcus.hu\/en\/wp-json\/wp\/v2\/types\/product"}],"replies":[{"embeddable":true,"href":"https:\/\/www.patermarcus.hu\/en\/wp-json\/wp\/v2\/comments?post=5262"}],"wp:featuredmedia":[{"embeddable":true,"href":"https:\/\/www.patermarcus.hu\/en\/wp-json\/wp\/v2\/media\/4887"}],"wp:attachment":[{"href":"https:\/\/www.patermarcus.hu\/en\/wp-json\/wp\/v2\/media?parent=5262"}],"wp:term":[{"taxonomy":"product_brand","embeddable":true,"href":"https:\/\/www.patermarcus.hu\/en\/wp-json\/wp\/v2\/product_brand?post=5262"},{"taxonomy":"product_cat","embeddable":true,"href":"https:\/\/www.patermarcus.hu\/en\/wp-json\/wp\/v2\/product_cat?post=5262"},{"taxonomy":"product_tag","embeddable":true,"href":"https:\/\/www.patermarcus.hu\/en\/wp-json\/wp\/v2\/product_tag?post=5262"}],"curies":[{"name":"wp","href":"https:\/\/api.w.org\/{rel}","templated":true}]}}