{"id":5253,"date":"2023-04-02T06:52:46","date_gmt":"2023-04-02T06:52:46","guid":{"rendered":"https:\/\/www.patermarcus.hu\/?post_type=product&#038;p=5253"},"modified":"2025-02-01T12:47:35","modified_gmt":"2025-02-01T12:47:35","slug":"duchesse-de-bourgogne","status":"publish","type":"product","link":"https:\/\/www.patermarcus.hu\/en\/termek\/duchesse-de-bourgogne\/","title":{"rendered":"Duchesse de Bourgogne"},"content":{"rendered":"<h3><em>6,1% flamand v\u00f6r\u00f6s ale<br \/>\n<\/em><\/h3>\n<p>Verhaege Vichte S\u00f6rf\u0151zde (1885) Vichte<\/p>\n<p>The &#8220;Red Princess&#8221; is a Flemish red ale born from the blend of &#8220;young&#8221; and &#8220;mature&#8221; beers aged in oak barrels for 8 and 18 months respectively. Its captivating ruby-red color, wine-like flavor, and, not least of all, its namesake, Mary, Duchess of Burgundy, have earned it the nickname &#8220;the Burgundy of Belgium.&#8221; Its refreshing tartness is balanced by pleasant sweetness, and alongside its fruity notes, a surprising touch of chocolate emerges. It bids farewell with a long-lasting, acidic, and dry aftertaste. With its rich flavor profile, it is an excellent beer specialty.<\/p>\n<p>0,375 l\u00a0\u00a0 2.500.- Ft<\/p>\n","protected":false},"excerpt":{"rendered":"<p>6,1% flamand v\u00f6r\u00f6s ale Verhaege Vichte S\u00f6rf\u0151zde (1885) Vichte The &#8220;Red Princess&#8221; is a Flemish red ale born from the blend of &#8220;young&#8221; and &#8220;mature&#8221; beers aged in oak barrels for 8 and 18 months respectively. Its captivating ruby-red color, wine-like flavor, and, not least of all, its namesake, Mary, Duchess of Burgundy, have earned [&hellip;]<\/p>\n","protected":false},"featured_media":5105,"comment_status":"closed","ping_status":"closed","template":"","meta":{"_monsterinsights_skip_tracking":false,"_monsterinsights_sitenote_active":false,"_monsterinsights_sitenote_note":"","_monsterinsights_sitenote_category":0},"product_brand":[],"product_cat":[69],"product_tag":[],"class_list":{"0":"post-5253","1":"product","2":"type-product","3":"status-publish","4":"has-post-thumbnail","6":"product_cat-spontaneously-fermented-and-hybrid-beers","8":"first","9":"instock","10":"shipping-taxable","11":"product-type-simple"},"_links":{"self":[{"href":"https:\/\/www.patermarcus.hu\/en\/wp-json\/wp\/v2\/product\/5253","targetHints":{"allow":["GET"]}}],"collection":[{"href":"https:\/\/www.patermarcus.hu\/en\/wp-json\/wp\/v2\/product"}],"about":[{"href":"https:\/\/www.patermarcus.hu\/en\/wp-json\/wp\/v2\/types\/product"}],"replies":[{"embeddable":true,"href":"https:\/\/www.patermarcus.hu\/en\/wp-json\/wp\/v2\/comments?post=5253"}],"wp:featuredmedia":[{"embeddable":true,"href":"https:\/\/www.patermarcus.hu\/en\/wp-json\/wp\/v2\/media\/5105"}],"wp:attachment":[{"href":"https:\/\/www.patermarcus.hu\/en\/wp-json\/wp\/v2\/media?parent=5253"}],"wp:term":[{"taxonomy":"product_brand","embeddable":true,"href":"https:\/\/www.patermarcus.hu\/en\/wp-json\/wp\/v2\/product_brand?post=5253"},{"taxonomy":"product_cat","embeddable":true,"href":"https:\/\/www.patermarcus.hu\/en\/wp-json\/wp\/v2\/product_cat?post=5253"},{"taxonomy":"product_tag","embeddable":true,"href":"https:\/\/www.patermarcus.hu\/en\/wp-json\/wp\/v2\/product_tag?post=5253"}],"curies":[{"name":"wp","href":"https:\/\/api.w.org\/{rel}","templated":true}]}}