{"id":5250,"date":"2021-03-14T17:05:29","date_gmt":"2021-03-14T17:05:29","guid":{"rendered":"https:\/\/www.patermarcus.hu\/?post_type=product&#038;p=5250"},"modified":"2026-02-21T09:46:14","modified_gmt":"2026-02-21T09:46:14","slug":"grimbergen-double-ambree","status":"publish","type":"product","link":"https:\/\/www.patermarcus.hu\/en\/termek\/grimbergen-double-ambree\/","title":{"rendered":"Grimbergen Double-Ambr\u00e9e"},"content":{"rendered":"<h3><em><strong>6,5% ap\u00e1ts\u00e1gi barna ale<\/strong><\/em><\/h3>\n<p><em>Grimbergen Abbey (1128), Grimbergen<br \/>\n<\/em><\/p>\n<p>The dark-colored beverage reveals pale red highlights when held up to the light. The roasted malt&amp;#39;s sophisticated, chocolatey flavors emerge subtly and from a distance. The taste profile of the drink is primarily defined by dried tropical fruits. The flavors of this beer blend beautifully, lending harmony and a gently sweet-sour character to the beverage. It serves as an excellent respite after a challenging day and makes for a great introduction to tasting strong, dark-colored beers.<\/p>\n<p>0,33 l\u00a0\u00a0\u00a0\u2013 1.800.- Ft<\/p>\n","protected":false},"excerpt":{"rendered":"<p>6,5% ap\u00e1ts\u00e1gi barna ale Grimbergen Abbey (1128), Grimbergen The dark-colored beverage reveals pale red highlights when held up to the light. The roasted malt&amp;#39;s sophisticated, chocolatey flavors emerge subtly and from a distance. The taste profile of the drink is primarily defined by dried tropical fruits. The flavors of this beer blend beautifully, lending harmony [&hellip;]<\/p>\n","protected":false},"featured_media":5699,"comment_status":"closed","ping_status":"closed","template":"","meta":{"_monsterinsights_skip_tracking":false,"_monsterinsights_sitenote_active":false,"_monsterinsights_sitenote_note":"","_monsterinsights_sitenote_category":0},"product_brand":[],"product_cat":[68],"product_tag":[],"class_list":{"0":"post-5250","1":"product","2":"type-product","3":"status-publish","4":"has-post-thumbnail","6":"product_cat-draft-beer","8":"first","9":"instock","10":"shipping-taxable","11":"product-type-simple"},"_links":{"self":[{"href":"https:\/\/www.patermarcus.hu\/en\/wp-json\/wp\/v2\/product\/5250","targetHints":{"allow":["GET"]}}],"collection":[{"href":"https:\/\/www.patermarcus.hu\/en\/wp-json\/wp\/v2\/product"}],"about":[{"href":"https:\/\/www.patermarcus.hu\/en\/wp-json\/wp\/v2\/types\/product"}],"replies":[{"embeddable":true,"href":"https:\/\/www.patermarcus.hu\/en\/wp-json\/wp\/v2\/comments?post=5250"}],"wp:featuredmedia":[{"embeddable":true,"href":"https:\/\/www.patermarcus.hu\/en\/wp-json\/wp\/v2\/media\/5699"}],"wp:attachment":[{"href":"https:\/\/www.patermarcus.hu\/en\/wp-json\/wp\/v2\/media?parent=5250"}],"wp:term":[{"taxonomy":"product_brand","embeddable":true,"href":"https:\/\/www.patermarcus.hu\/en\/wp-json\/wp\/v2\/product_brand?post=5250"},{"taxonomy":"product_cat","embeddable":true,"href":"https:\/\/www.patermarcus.hu\/en\/wp-json\/wp\/v2\/product_cat?post=5250"},{"taxonomy":"product_tag","embeddable":true,"href":"https:\/\/www.patermarcus.hu\/en\/wp-json\/wp\/v2\/product_tag?post=5250"}],"curies":[{"name":"wp","href":"https:\/\/api.w.org\/{rel}","templated":true}]}}