{"id":5242,"date":"2021-05-22T15:52:17","date_gmt":"2021-05-22T15:52:17","guid":{"rendered":"https:\/\/www.patermarcus.hu\/?page_id=5242"},"modified":"2025-06-29T15:13:43","modified_gmt":"2025-06-29T15:13:43","slug":"contact","status":"publish","type":"page","link":"https:\/\/www.patermarcus.hu\/en\/contact\/","title":{"rendered":"Contact"},"content":{"rendered":"<div class=\"flex_column av_one_half  flex_column_div first  avia-builder-el-0  el_before_av_one_half  avia-builder-el-first  \" ><section class=\"av_textblock_section \"  itemscope=\"itemscope\" itemtype=\"https:\/\/schema.org\/CreativeWork\" ><div class='avia_textblock  '   itemprop=\"text\" ><h2 style=\"text-align: center;\"><span class=\"szoveg2\">Pater Marcus Abbey Pub<\/span><\/h2>\n<p style=\"text-align: center;\"><span class=\"szoveg2\">C\u00edm: 1011 Budapest, Apor P\u00e9ter u. 1.<\/span><\/p>\n<p style=\"text-align: center;\">Telefon: <a href=\"tel:0612121612\">06 (1) <span class=\"szoveg2\">212-1612<\/span><\/a><\/p>\n<p style=\"text-align: center;\">Email: <a href=\"mailto:patermarcusbp@gmail.com\">patermarcusbp@gmail.com<\/a><\/p>\n<h4 style=\"text-align: center;\">Opening hours<\/h4>\n<p style=\"text-align: center;\">Every day: 12:00 &#8211; 24:00<\/p>\n<h4 style=\"text-align: center;\">Kitchen opening hours<\/h4>\n<p style=\"text-align: center;\">Every day: 22:30<\/p>\n<\/div><\/section><\/div><div class=\"flex_column av_one_half  flex_column_div   avia-builder-el-2  el_after_av_one_half  el_before_av_one_half  \" ><div  class='avia-image-container  av-styling-    avia-builder-el-3  avia-builder-el-no-sibling  avia-align-center '  itemprop=\"image\" itemscope=\"itemscope\" itemtype=\"https:\/\/schema.org\/ImageObject\"  ><div class='avia-image-container-inner'><div class='avia-image-overlay-wrap'><img decoding=\"async\" class='wp-image-5213 avia-img-lazy-loading-not-5213 avia_image' src=\"https:\/\/www.patermarcus.hu\/wp-content\/uploads\/PaterMarcus_2024_51-1030x773.jpg\" alt='' title='PaterMarcus_2024_51' height=\"773\" width=\"1030\"  itemprop=\"thumbnailUrl\" srcset=\"https:\/\/www.patermarcus.hu\/wp-content\/uploads\/PaterMarcus_2024_51-1030x773.jpg 1030w, https:\/\/www.patermarcus.hu\/wp-content\/uploads\/PaterMarcus_2024_51-300x225.jpg 300w, https:\/\/www.patermarcus.hu\/wp-content\/uploads\/PaterMarcus_2024_51-768x576.jpg 768w, https:\/\/www.patermarcus.hu\/wp-content\/uploads\/PaterMarcus_2024_51-1536x1152.jpg 1536w, https:\/\/www.patermarcus.hu\/wp-content\/uploads\/PaterMarcus_2024_51-1500x1125.jpg 1500w, https:\/\/www.patermarcus.hu\/wp-content\/uploads\/PaterMarcus_2024_51-705x529.jpg 705w, https:\/\/www.patermarcus.hu\/wp-content\/uploads\/PaterMarcus_2024_51-450x338.jpg 450w, https:\/\/www.patermarcus.hu\/wp-content\/uploads\/PaterMarcus_2024_51-600x450.jpg 600w, https:\/\/www.patermarcus.hu\/wp-content\/uploads\/PaterMarcus_2024_51.jpg 1920w\" sizes=\"(max-width: 1030px) 100vw, 1030px\" \/><\/div><\/div><\/div><\/div><\/p>\n<div class=\"flex_column av_one_half  flex_column_div av-zero-column-padding first  avia-builder-el-4  el_after_av_one_half  el_before_av_one_half  column-top-margin\" style='border-radius:0px; '><section class=\"av_textblock_section \"  itemscope=\"itemscope\" itemtype=\"https:\/\/schema.org\/CreativeWork\" ><div class='avia_textblock  '   itemprop=\"text\" ><p><iframe loading=\"lazy\" style=\"border: 0;\" src=\"https:\/\/www.google.com\/maps\/embed?pb=!1m18!1m12!1m3!1d2695.5085877126576!2d19.03749761550422!3d47.49948577917778!2m3!1f0!2f0!3f0!3m2!1i1024!2i768!4f13.1!3m3!1m2!1s0x4741dc3d0e720795%3A0x885a8064202ce7e2!2zUGF0ZXIgTWFyY3VzIEJlbGdhIEFww6F0c8OhZ2kgU8O2csO2esWRIMOpcyDDiXR0ZXJlbQ!5e0!3m2!1shu!2shu!4v1615732661607!5m2!1shu!2shu\" width=\"100%\" height=\"600\" allowfullscreen=\"allowfullscreen\" data-mce-fragment=\"1\"><\/iframe><\/p>\n<\/div><\/section><\/div><div class=\"flex_column av_one_half  flex_column_div av-zero-column-padding   avia-builder-el-6  el_after_av_one_half  el_before_av_one_fifth  column-top-margin\" style='border-radius:0px; '><section class=\"av_textblock_section \"  itemscope=\"itemscope\" itemtype=\"https:\/\/schema.org\/CreativeWork\" ><div class='avia_textblock  '   itemprop=\"text\" ><h2 style=\"text-align: center;\"><span class=\"HwtZe\" lang=\"en\"><span class=\"jCAhz ChMk0b\"><span class=\"ryNqvb\">Accessibility <\/span><\/span><\/span><\/h2>\n<p style=\"text-align: center;\"><span class=\"HwtZe\" lang=\"en\"><span class=\"jCAhz ChMk0b\"><span class=\"ryNqvb\">Our restaurant is located at the Buda end of the Chain Bridge, making it easily accessible by public transport.<\/span><\/span> <\/span><\/p>\n<p style=\"text-align: center;\"><span class=\"HwtZe\" lang=\"en\"><span class=\"jCAhz ChMk0b\"><span class=\"ryNqvb\">From Clark \u00c1d\u00e1m Square, on foot, a short walk along F\u0151 Street.<\/span><\/span> <span class=\"jCAhz ChMk0b\"><span class=\"ryNqvb\">We are also within walking distance of the Buda Castle, but can also be reached by public transport with bus number 16. From Batthianyi Square, you can also easily reach us by public transport with trams 19 and 41. From M\u00f3ricz Zsigmond K\u00f6rt\u00e9r, you can also reach us with the same trams, a few minutes&#8217; walk from the Clark \u00c1d\u00e1m Square stop on F\u0151 Street.<\/span><\/span> <\/span><\/p>\n<p style=\"text-align: center;\"><span class=\"HwtZe\" lang=\"en\"><span class=\"jCAhz ChMk0b\"><span class=\"ryNqvb\">You can park your car in our area, the nearest one is in Hunyadi or J\u00e9gverem Street.<\/span><\/span> <span class=\"jCAhz ChMk0b\"><span class=\"ryNqvb\">(Paying zone between 8:00 and 22:00), parking is free on weekends.<\/span><\/span><\/span><\/p>\n<\/div><\/section><br \/>\n<div  class='avia-image-container  av-styling-    avia-builder-el-8  el_after_av_textblock  avia-builder-el-last  avia-align-center '  itemprop=\"image\" itemscope=\"itemscope\" itemtype=\"https:\/\/schema.org\/ImageObject\"  ><div class='avia-image-container-inner'><div class='avia-image-overlay-wrap'><img decoding=\"async\" class='wp-image-5096 avia-img-lazy-loading-not-5096 avia_image' src=\"https:\/\/www.patermarcus.hu\/wp-content\/uploads\/PaterMarcusPub.png\" alt='' title='PaterMarcusPub' height=\"250\" width=\"500\"  itemprop=\"thumbnailUrl\" srcset=\"https:\/\/www.patermarcus.hu\/wp-content\/uploads\/PaterMarcusPub.png 500w, https:\/\/www.patermarcus.hu\/wp-content\/uploads\/PaterMarcusPub-300x150.png 300w, https:\/\/www.patermarcus.hu\/wp-content\/uploads\/PaterMarcusPub-450x225.png 450w\" sizes=\"(max-width: 500px) 100vw, 500px\" \/><\/div><\/div><\/div><\/p><\/div><div class=\"flex_column av_one_fifth  flex_column_div av-zero-column-padding first  avia-builder-el-9  el_after_av_one_half  el_before_av_three_fifth  column-top-margin\" style='border-radius:0px; '><\/div><div class=\"flex_column av_three_fifth  flex_column_div av-zero-column-padding   avia-builder-el-10  el_after_av_one_fifth  el_before_av_one_fifth  column-top-margin\" style='border-radius:0px; '><\/div><div class=\"flex_column av_one_fifth  flex_column_div av-zero-column-padding   avia-builder-el-12  el_after_av_three_fifth  avia-builder-el-last  column-top-margin\" style='border-radius:0px; '><\/div><\/p>\n","protected":false},"excerpt":{"rendered":"","protected":false},"author":1,"featured_media":0,"parent":0,"menu_order":0,"comment_status":"open","ping_status":"closed","template":"","meta":{"_monsterinsights_skip_tracking":false,"_monsterinsights_sitenote_active":false,"_monsterinsights_sitenote_note":"","_monsterinsights_sitenote_category":0,"footnotes":""},"class_list":["post-5242","page","type-page","status-publish","hentry"],"_links":{"self":[{"href":"https:\/\/www.patermarcus.hu\/en\/wp-json\/wp\/v2\/pages\/5242","targetHints":{"allow":["GET"]}}],"collection":[{"href":"https:\/\/www.patermarcus.hu\/en\/wp-json\/wp\/v2\/pages"}],"about":[{"href":"https:\/\/www.patermarcus.hu\/en\/wp-json\/wp\/v2\/types\/page"}],"author":[{"embeddable":true,"href":"https:\/\/www.patermarcus.hu\/en\/wp-json\/wp\/v2\/users\/1"}],"replies":[{"embeddable":true,"href":"https:\/\/www.patermarcus.hu\/en\/wp-json\/wp\/v2\/comments?post=5242"}],"version-history":[{"count":5,"href":"https:\/\/www.patermarcus.hu\/en\/wp-json\/wp\/v2\/pages\/5242\/revisions"}],"predecessor-version":[{"id":5786,"href":"https:\/\/www.patermarcus.hu\/en\/wp-json\/wp\/v2\/pages\/5242\/revisions\/5786"}],"wp:attachment":[{"href":"https:\/\/www.patermarcus.hu\/en\/wp-json\/wp\/v2\/media?parent=5242"}],"curies":[{"name":"wp","href":"https:\/\/api.w.org\/{rel}","templated":true}]}}